{"id":11,"date":"2020-02-24T12:09:42","date_gmt":"2020-02-24T12:09:42","guid":{"rendered":"http:\/\/lefougascon.com\/index.php\/contact\/"},"modified":"2026-04-03T11:14:07","modified_gmt":"2026-04-03T09:14:07","slug":"contact-traiteur-gers","status":"publish","type":"page","link":"https:\/\/lefougascon.com\/index.php\/contact-traiteur-gers\/","title":{"rendered":"Contact"},"content":{"rendered":"\t\t<div data-elementor-type=\"wp-page\" data-elementor-id=\"11\" class=\"elementor elementor-11\" data-elementor-post-type=\"page\">\n\t\t\t\t\t\t<section class=\"elementor-section elementor-top-section elementor-element elementor-element-32d5bd2 elementor-section-boxed elementor-section-height-default elementor-section-height-default\" data-id=\"32d5bd2\" data-element_type=\"section\" data-e-type=\"section\" data-settings=\"{&quot;background_background&quot;:&quot;classic&quot;}\">\n\t\t\t\t\t\t\t<div class=\"elementor-background-overlay\"><\/div>\n\t\t\t\t\t\t\t<div class=\"elementor-container elementor-column-gap-default\">\n\t\t\t\t\t<div class=\"elementor-column elementor-col-100 elementor-top-column elementor-element elementor-element-840dad3\" data-id=\"840dad3\" data-element_type=\"column\" data-e-type=\"column\">\n\t\t\t<div class=\"elementor-widget-wrap elementor-element-populated\">\n\t\t\t\t\t\t<div class=\"elementor-element elementor-element-3099930 elementor-widget elementor-widget-heading\" data-id=\"3099930\" data-element_type=\"widget\" data-e-type=\"widget\" data-widget_type=\"heading.default\">\n\t\t\t\t<div class=\"elementor-widget-container\">\n\t\t\t\t\t<h1 class=\"elementor-heading-title elementor-size-default\">et si nous parlions de votre projet ?<\/h1>\t\t\t\t<\/div>\n\t\t\t\t<\/div>\n\t\t\t\t\t<\/div>\n\t\t<\/div>\n\t\t\t\t\t<\/div>\n\t\t<\/section>\n\t\t\t\t<section class=\"elementor-section elementor-top-section elementor-element elementor-element-d81dd4a elementor-section-boxed elementor-section-height-default elementor-section-height-default\" data-id=\"d81dd4a\" data-element_type=\"section\" data-e-type=\"section\" data-settings=\"{&quot;background_background&quot;:&quot;classic&quot;}\">\n\t\t\t\t\t\t<div class=\"elementor-container elementor-column-gap-default\">\n\t\t\t\t\t<div class=\"elementor-column elementor-col-50 elementor-top-column elementor-element elementor-element-6853c3d\" data-id=\"6853c3d\" data-element_type=\"column\" data-e-type=\"column\" data-settings=\"{&quot;background_background&quot;:&quot;classic&quot;}\">\n\t\t\t<div class=\"elementor-widget-wrap elementor-element-populated\">\n\t\t\t\t\t\t<div class=\"elementor-element elementor-element-e4378de elementor-widget elementor-widget-icon-box\" data-id=\"e4378de\" data-element_type=\"widget\" data-e-type=\"widget\" data-settings=\"{&quot;motion_fx_motion_fx_mouse&quot;:&quot;yes&quot;}\" data-widget_type=\"icon-box.default\">\n\t\t\t\t<div class=\"elementor-widget-container\">\n\t\t\t\t\t\t\t<div class=\"elementor-icon-box-wrapper\">\n\n\t\t\t\n\t\t\t\t\t\t<div class=\"elementor-icon-box-content\">\n\n\t\t\t\t\t\t\t\t\t<h4 class=\"elementor-icon-box-title\">\n\t\t\t\t\t\t<a href=\"https:\/\/lefougascon.com\/index.php\/formulaire-question\/\" >\n\t\t\t\t\t\t\tune question\t\t\t\t\t\t<\/a>\n\t\t\t\t\t<\/h4>\n\t\t\t\t\n\t\t\t\t\t\t\t\t\t<p class=\"elementor-icon-box-description\">\n\t\t\t\t\t\tc'est ici...\t\t\t\t\t<\/p>\n\t\t\t\t\n\t\t\t<\/div>\n\t\t\t\n\t\t<\/div>\n\t\t\t\t\t\t<\/div>\n\t\t\t\t<\/div>\n\t\t\t\t\t<\/div>\n\t\t<\/div>\n\t\t\t\t<div class=\"elementor-column elementor-col-50 elementor-top-column elementor-element elementor-element-d9030f5\" data-id=\"d9030f5\" data-element_type=\"column\" data-e-type=\"column\" data-settings=\"{&quot;background_background&quot;:&quot;classic&quot;}\">\n\t\t\t<div class=\"elementor-widget-wrap elementor-element-populated\">\n\t\t\t\t\t\t<div class=\"elementor-element elementor-element-29f89c1 elementor-widget elementor-widget-icon-box\" data-id=\"29f89c1\" data-element_type=\"widget\" data-e-type=\"widget\" data-settings=\"{&quot;motion_fx_motion_fx_mouse&quot;:&quot;yes&quot;}\" data-widget_type=\"icon-box.default\">\n\t\t\t\t<div class=\"elementor-widget-container\">\n\t\t\t\t\t\t\t<div class=\"elementor-icon-box-wrapper\">\n\n\t\t\t\n\t\t\t\t\t\t<div class=\"elementor-icon-box-content\">\n\n\t\t\t\t\t\t\t\t\t<h4 class=\"elementor-icon-box-title\">\n\t\t\t\t\t\t<a href=\"https:\/\/lefougascon.com\/index.php\/formulaire-devis-traiteur\/\" >\n\t\t\t\t\t\t\tune demande de devis pour UNE PRESTATION TRAITEUR\t\t\t\t\t\t<\/a>\n\t\t\t\t\t<\/h4>\n\t\t\t\t\n\t\t\t\t\t\t\t\t\t<p class=\"elementor-icon-box-description\">\n\t\t\t\t\t\tc'est par l\u00e0...\t\t\t\t\t<\/p>\n\t\t\t\t\n\t\t\t<\/div>\n\t\t\t\n\t\t<\/div>\n\t\t\t\t\t\t<\/div>\n\t\t\t\t<\/div>\n\t\t\t\t\t<\/div>\n\t\t<\/div>\n\t\t\t\t\t<\/div>\n\t\t<\/section>\n\t\t\t\t<section class=\"elementor-section elementor-top-section elementor-element elementor-element-c1305dd elementor-section-boxed elementor-section-height-default elementor-section-height-default\" data-id=\"c1305dd\" data-element_type=\"section\" data-e-type=\"section\" data-settings=\"{&quot;background_background&quot;:&quot;classic&quot;}\">\n\t\t\t\t\t\t<div class=\"elementor-container elementor-column-gap-default\">\n\t\t\t\t\t<div class=\"elementor-column elementor-col-100 elementor-top-column elementor-element elementor-element-04f0fdb\" data-id=\"04f0fdb\" data-element_type=\"column\" data-e-type=\"column\" data-settings=\"{&quot;background_background&quot;:&quot;classic&quot;}\">\n\t\t\t<div class=\"elementor-widget-wrap elementor-element-populated\">\n\t\t\t\t\t\t<div class=\"elementor-element elementor-element-1b87fbb elementor-widget elementor-widget-icon-box\" data-id=\"1b87fbb\" data-element_type=\"widget\" data-e-type=\"widget\" data-settings=\"{&quot;motion_fx_motion_fx_mouse&quot;:&quot;yes&quot;}\" data-widget_type=\"icon-box.default\">\n\t\t\t\t<div class=\"elementor-widget-container\">\n\t\t\t\t\t\t\t<div class=\"elementor-icon-box-wrapper\">\n\n\t\t\t\n\t\t\t\t\t\t<div class=\"elementor-icon-box-content\">\n\n\t\t\t\t\t\t\t\t\t<h4 class=\"elementor-icon-box-title\">\n\t\t\t\t\t\t<a href=\"https:\/\/lefougascon.com\/index.php\/formulaire-salle\/\" >\n\t\t\t\t\t\t\tune demande de devis concernant<br> la location du domaine\t\t\t\t\t\t<\/a>\n\t\t\t\t\t<\/h4>\n\t\t\t\t\n\t\t\t\t\t\t\t\t\t<p class=\"elementor-icon-box-description\">\n\t\t\t\t\t\talors c'est plut\u00f4t l\u00e0...\t\t\t\t\t<\/p>\n\t\t\t\t\n\t\t\t<\/div>\n\t\t\t\n\t\t<\/div>\n\t\t\t\t\t\t<\/div>\n\t\t\t\t<\/div>\n\t\t\t\t\t<\/div>\n\t\t<\/div>\n\t\t\t\t\t<\/div>\n\t\t<\/section>\n\t\t\t\t<\/div>\n\t\t","protected":false},"excerpt":{"rendered":"<p>et si nous parlions de votre projet ? une question c&rsquo;est ici&#8230; une demande de devis pour UNE PRESTATION TRAITEUR c&rsquo;est par l\u00e0&#8230; une demande de devis concernant la location du domaine alors c&rsquo;est plut\u00f4t l\u00e0&#8230;<\/p>\n","protected":false},"author":1,"featured_media":0,"parent":0,"menu_order":0,"comment_status":"closed","ping_status":"closed","template":"","meta":{"site-sidebar-layout":"no-sidebar","site-content-layout":null,"ast-site-content-layout":"full-width-container","site-content-style":"unboxed","site-sidebar-style":"unboxed","ast-global-header-display":"","ast-banner-title-visibility":"","ast-main-header-display":"","ast-hfb-above-header-display":"","ast-hfb-below-header-display":null,"ast-hfb-mobile-header-display":"","site-post-title":"disabled","ast-breadcrumbs-content":null,"ast-featured-img":"disabled","footer-sml-layout":"","ast-disable-related-posts":"","theme-transparent-header-meta":"enabled","adv-header-id-meta":"","stick-header-meta":"","header-above-stick-meta":"","header-main-stick-meta":"","header-below-stick-meta":null,"astra-migrate-meta-layouts":"set","ast-page-background-enabled":"default","ast-page-background-meta":{"desktop":{"background-color":"","background-image":"","background-repeat":"repeat","background-position":"center center","background-size":"auto","background-attachment":"scroll","background-type":"","background-media":"","overlay-type":"","overlay-color":"","overlay-opacity":"","overlay-gradient":""},"tablet":{"background-color":"","background-image":"","background-repeat":"repeat","background-position":"center center","background-size":"auto","background-attachment":"scroll","background-type":"","background-media":"","overlay-type":"","overlay-color":"","overlay-opacity":"","overlay-gradient":""},"mobile":{"background-color":"","background-image":"","background-repeat":"repeat","background-position":"center center","background-size":"auto","background-attachment":"scroll","background-type":"","background-media":"","overlay-type":"","overlay-color":"","overlay-opacity":"","overlay-gradient":""}},"ast-content-background-meta":{"desktop":{"background-color":"var(--ast-global-color-5)","background-image":"","background-repeat":"repeat","background-position":"center center","background-size":"auto","background-attachment":"scroll","background-type":"","background-media":"","overlay-type":"","overlay-color":"","overlay-opacity":"","overlay-gradient":""},"tablet":{"background-color":"var(--ast-global-color-5)","background-image":"","background-repeat":"repeat","background-position":"center center","background-size":"auto","background-attachment":"scroll","background-type":"","background-media":"","overlay-type":"","overlay-color":"","overlay-opacity":"","overlay-gradient":""},"mobile":{"background-color":"var(--ast-global-color-5)","background-image":"","background-repeat":"repeat","background-position":"center center","background-size":"auto","background-attachment":"scroll","background-type":"","background-media":"","overlay-type":"","overlay-color":"","overlay-opacity":"","overlay-gradient":""}},"footnotes":""},"class_list":["post-11","page","type-page","status-publish","hentry"],"yoast_head":"<!-- This site is optimized with the Yoast SEO plugin v27.3 - https:\/\/yoast.com\/product\/yoast-seo-wordpress\/ -->\n<title>Devis traiteur dans le Gers | Contact &amp; demande \u2013 Le Fou Gascon<\/title>\n<meta name=\"description\" content=\"Contactez Le Fou Gascon, traiteur dans le Gers, pour votre mariage ou \u00e9v\u00e9nement. Demandez votre devis personnalis\u00e9 et organisons ensemble une r\u00e9ception conviviale et sur-mesure.\" \/>\n<meta name=\"robots\" content=\"index, follow, max-snippet:-1, max-image-preview:large, max-video-preview:-1\" \/>\n<link rel=\"canonical\" href=\"https:\/\/lefougascon.com\/index.php\/contact-traiteur-gers\/\" \/>\n<meta property=\"og:locale\" content=\"fr_FR\" \/>\n<meta property=\"og:type\" content=\"article\" \/>\n<meta property=\"og:title\" content=\"Devis traiteur dans le Gers | Contact &amp; demande \u2013 Le Fou Gascon\" \/>\n<meta property=\"og:description\" content=\"Contactez Le Fou Gascon, traiteur dans le Gers, pour votre mariage ou \u00e9v\u00e9nement. Demandez votre devis personnalis\u00e9 et organisons ensemble une r\u00e9ception conviviale et sur-mesure.\" \/>\n<meta property=\"og:url\" content=\"https:\/\/lefougascon.com\/index.php\/contact-traiteur-gers\/\" \/>\n<meta property=\"og:site_name\" content=\"LE FOU GASCON\" \/>\n<meta property=\"article:publisher\" content=\"https:\/\/www.facebook.com\/lefougascon\/\" \/>\n<meta property=\"article:modified_time\" content=\"2026-04-03T09:14:07+00:00\" \/>\n<meta name=\"twitter:card\" content=\"summary_large_image\" \/>\n<meta name=\"twitter:label1\" content=\"Dur\u00e9e de lecture estim\u00e9e\" \/>\n\t<meta name=\"twitter:data1\" content=\"1 minute\" \/>\n<script type=\"application\/ld+json\" class=\"yoast-schema-graph\">{\"@context\":\"https:\\\/\\\/schema.org\",\"@graph\":[{\"@type\":\"WebPage\",\"@id\":\"https:\\\/\\\/lefougascon.com\\\/index.php\\\/contact-traiteur-gers\\\/\",\"url\":\"https:\\\/\\\/lefougascon.com\\\/index.php\\\/contact-traiteur-gers\\\/\",\"name\":\"Devis traiteur dans le Gers | Contact & demande \u2013 Le Fou Gascon\",\"isPartOf\":{\"@id\":\"https:\\\/\\\/lefougascon.com\\\/#website\"},\"datePublished\":\"2020-02-24T12:09:42+00:00\",\"dateModified\":\"2026-04-03T09:14:07+00:00\",\"description\":\"Contactez Le Fou Gascon, traiteur dans le Gers, pour votre mariage ou \u00e9v\u00e9nement. Demandez votre devis personnalis\u00e9 et organisons ensemble une r\u00e9ception conviviale et sur-mesure.\",\"breadcrumb\":{\"@id\":\"https:\\\/\\\/lefougascon.com\\\/index.php\\\/contact-traiteur-gers\\\/#breadcrumb\"},\"inLanguage\":\"fr-FR\",\"potentialAction\":[{\"@type\":\"ReadAction\",\"target\":[\"https:\\\/\\\/lefougascon.com\\\/index.php\\\/contact-traiteur-gers\\\/\"]}]},{\"@type\":\"BreadcrumbList\",\"@id\":\"https:\\\/\\\/lefougascon.com\\\/index.php\\\/contact-traiteur-gers\\\/#breadcrumb\",\"itemListElement\":[{\"@type\":\"ListItem\",\"position\":1,\"name\":\"Accueil\",\"item\":\"https:\\\/\\\/lefougascon.com\\\/\"},{\"@type\":\"ListItem\",\"position\":2,\"name\":\"Contact\"}]},{\"@type\":\"WebSite\",\"@id\":\"https:\\\/\\\/lefougascon.com\\\/#website\",\"url\":\"https:\\\/\\\/lefougascon.com\\\/\",\"name\":\"LE FOU GASCON\",\"description\":\"Traiteur \u00e9v\u00e9nementiel  Salle de r\u00e9ception en Gascogne\",\"publisher\":{\"@id\":\"https:\\\/\\\/lefougascon.com\\\/#organization\"},\"potentialAction\":[{\"@type\":\"SearchAction\",\"target\":{\"@type\":\"EntryPoint\",\"urlTemplate\":\"https:\\\/\\\/lefougascon.com\\\/?s={search_term_string}\"},\"query-input\":{\"@type\":\"PropertyValueSpecification\",\"valueRequired\":true,\"valueName\":\"search_term_string\"}}],\"inLanguage\":\"fr-FR\"},{\"@type\":\"Organization\",\"@id\":\"https:\\\/\\\/lefougascon.com\\\/#organization\",\"name\":\"LE FOU GASCON\",\"url\":\"https:\\\/\\\/lefougascon.com\\\/\",\"logo\":{\"@type\":\"ImageObject\",\"inLanguage\":\"fr-FR\",\"@id\":\"https:\\\/\\\/lefougascon.com\\\/#\\\/schema\\\/logo\\\/image\\\/\",\"url\":\"https:\\\/\\\/lefougascon.com\\\/wp-content\\\/uploads\\\/2022\\\/03\\\/logos_fougascon_new2022-general.png\",\"contentUrl\":\"https:\\\/\\\/lefougascon.com\\\/wp-content\\\/uploads\\\/2022\\\/03\\\/logos_fougascon_new2022-general.png\",\"width\":1473,\"height\":841,\"caption\":\"LE FOU GASCON\"},\"image\":{\"@id\":\"https:\\\/\\\/lefougascon.com\\\/#\\\/schema\\\/logo\\\/image\\\/\"},\"sameAs\":[\"https:\\\/\\\/www.facebook.com\\\/lefougascon\\\/\",\"https:\\\/\\\/www.instagram.com\\\/lefougascon\\\/?hl=fr\"]}]}<\/script>\n<!-- \/ Yoast SEO plugin. -->","yoast_head_json":{"title":"Devis traiteur dans le Gers | Contact & demande \u2013 Le Fou Gascon","description":"Contactez Le Fou Gascon, traiteur dans le Gers, pour votre mariage ou \u00e9v\u00e9nement. Demandez votre devis personnalis\u00e9 et organisons ensemble une r\u00e9ception conviviale et sur-mesure.","robots":{"index":"index","follow":"follow","max-snippet":"max-snippet:-1","max-image-preview":"max-image-preview:large","max-video-preview":"max-video-preview:-1"},"canonical":"https:\/\/lefougascon.com\/index.php\/contact-traiteur-gers\/","og_locale":"fr_FR","og_type":"article","og_title":"Devis traiteur dans le Gers | Contact & demande \u2013 Le Fou Gascon","og_description":"Contactez Le Fou Gascon, traiteur dans le Gers, pour votre mariage ou \u00e9v\u00e9nement. Demandez votre devis personnalis\u00e9 et organisons ensemble une r\u00e9ception conviviale et sur-mesure.","og_url":"https:\/\/lefougascon.com\/index.php\/contact-traiteur-gers\/","og_site_name":"LE FOU GASCON","article_publisher":"https:\/\/www.facebook.com\/lefougascon\/","article_modified_time":"2026-04-03T09:14:07+00:00","twitter_card":"summary_large_image","twitter_misc":{"Dur\u00e9e de lecture estim\u00e9e":"1 minute"},"schema":{"@context":"https:\/\/schema.org","@graph":[{"@type":"WebPage","@id":"https:\/\/lefougascon.com\/index.php\/contact-traiteur-gers\/","url":"https:\/\/lefougascon.com\/index.php\/contact-traiteur-gers\/","name":"Devis traiteur dans le Gers | Contact & demande \u2013 Le Fou Gascon","isPartOf":{"@id":"https:\/\/lefougascon.com\/#website"},"datePublished":"2020-02-24T12:09:42+00:00","dateModified":"2026-04-03T09:14:07+00:00","description":"Contactez Le Fou Gascon, traiteur dans le Gers, pour votre mariage ou \u00e9v\u00e9nement. Demandez votre devis personnalis\u00e9 et organisons ensemble une r\u00e9ception conviviale et sur-mesure.","breadcrumb":{"@id":"https:\/\/lefougascon.com\/index.php\/contact-traiteur-gers\/#breadcrumb"},"inLanguage":"fr-FR","potentialAction":[{"@type":"ReadAction","target":["https:\/\/lefougascon.com\/index.php\/contact-traiteur-gers\/"]}]},{"@type":"BreadcrumbList","@id":"https:\/\/lefougascon.com\/index.php\/contact-traiteur-gers\/#breadcrumb","itemListElement":[{"@type":"ListItem","position":1,"name":"Accueil","item":"https:\/\/lefougascon.com\/"},{"@type":"ListItem","position":2,"name":"Contact"}]},{"@type":"WebSite","@id":"https:\/\/lefougascon.com\/#website","url":"https:\/\/lefougascon.com\/","name":"LE FOU GASCON","description":"Traiteur \u00e9v\u00e9nementiel  Salle de r\u00e9ception en Gascogne","publisher":{"@id":"https:\/\/lefougascon.com\/#organization"},"potentialAction":[{"@type":"SearchAction","target":{"@type":"EntryPoint","urlTemplate":"https:\/\/lefougascon.com\/?s={search_term_string}"},"query-input":{"@type":"PropertyValueSpecification","valueRequired":true,"valueName":"search_term_string"}}],"inLanguage":"fr-FR"},{"@type":"Organization","@id":"https:\/\/lefougascon.com\/#organization","name":"LE FOU GASCON","url":"https:\/\/lefougascon.com\/","logo":{"@type":"ImageObject","inLanguage":"fr-FR","@id":"https:\/\/lefougascon.com\/#\/schema\/logo\/image\/","url":"https:\/\/lefougascon.com\/wp-content\/uploads\/2022\/03\/logos_fougascon_new2022-general.png","contentUrl":"https:\/\/lefougascon.com\/wp-content\/uploads\/2022\/03\/logos_fougascon_new2022-general.png","width":1473,"height":841,"caption":"LE FOU GASCON"},"image":{"@id":"https:\/\/lefougascon.com\/#\/schema\/logo\/image\/"},"sameAs":["https:\/\/www.facebook.com\/lefougascon\/","https:\/\/www.instagram.com\/lefougascon\/?hl=fr"]}]}},"_links":{"self":[{"href":"https:\/\/lefougascon.com\/index.php\/wp-json\/wp\/v2\/pages\/11","targetHints":{"allow":["GET"]}}],"collection":[{"href":"https:\/\/lefougascon.com\/index.php\/wp-json\/wp\/v2\/pages"}],"about":[{"href":"https:\/\/lefougascon.com\/index.php\/wp-json\/wp\/v2\/types\/page"}],"author":[{"embeddable":true,"href":"https:\/\/lefougascon.com\/index.php\/wp-json\/wp\/v2\/users\/1"}],"replies":[{"embeddable":true,"href":"https:\/\/lefougascon.com\/index.php\/wp-json\/wp\/v2\/comments?post=11"}],"version-history":[{"count":59,"href":"https:\/\/lefougascon.com\/index.php\/wp-json\/wp\/v2\/pages\/11\/revisions"}],"predecessor-version":[{"id":3589,"href":"https:\/\/lefougascon.com\/index.php\/wp-json\/wp\/v2\/pages\/11\/revisions\/3589"}],"wp:attachment":[{"href":"https:\/\/lefougascon.com\/index.php\/wp-json\/wp\/v2\/media?parent=11"}],"curies":[{"name":"wp","href":"https:\/\/api.w.org\/{rel}","templated":true}]}}