{"id":3677,"date":"2026-04-03T19:46:56","date_gmt":"2026-04-03T17:46:56","guid":{"rendered":"https:\/\/lefougascon.com\/?page_id=3677"},"modified":"2026-04-03T20:20:11","modified_gmt":"2026-04-03T18:20:11","slug":"welkom-nl","status":"publish","type":"page","link":"https:\/\/lefougascon.com\/index.php\/nl\/welkom-nl\/","title":{"rendered":"Welkom &#8211; NL"},"content":{"rendered":"\t\t<div data-elementor-type=\"wp-page\" data-elementor-id=\"3677\" class=\"elementor elementor-3677\" data-elementor-post-type=\"page\">\n\t\t\t\t\t\t<section class=\"elementor-section elementor-top-section elementor-element elementor-element-49fdb65 elementor-section-height-min-height elementor-section-boxed elementor-section-height-default elementor-section-items-middle\" data-id=\"49fdb65\" data-element_type=\"section\" data-e-type=\"section\" data-settings=\"{&quot;background_background&quot;:&quot;classic&quot;}\">\n\t\t\t\t\t\t\t<div class=\"elementor-background-overlay\"><\/div>\n\t\t\t\t\t\t\t<div class=\"elementor-container elementor-column-gap-no\">\n\t\t\t\t\t<div class=\"elementor-column elementor-col-100 elementor-top-column elementor-element elementor-element-a796810\" data-id=\"a796810\" data-element_type=\"column\" data-e-type=\"column\">\n\t\t\t<div class=\"elementor-widget-wrap elementor-element-populated\">\n\t\t\t\t\t\t<div class=\"elementor-element elementor-element-f693472 elementor-widget elementor-widget-image\" data-id=\"f693472\" data-element_type=\"widget\" data-e-type=\"widget\" data-widget_type=\"image.default\">\n\t\t\t\t<div class=\"elementor-widget-container\">\n\t\t\t\t\t\t\t\t\t\t\t\t\t\t\t<img fetchpriority=\"high\" decoding=\"async\" width=\"768\" height=\"439\" src=\"https:\/\/lefougascon.com\/wp-content\/uploads\/2026\/04\/logos_fougascon_blanc-NL-768x439.png\" class=\"attachment-medium_large size-medium_large wp-image-3679\" alt=\"Trouwlocatie &amp; priv\u00e9 catering in de Gascogne, Zuidwest-Frankrijk\" srcset=\"https:\/\/lefougascon.com\/wp-content\/uploads\/2026\/04\/logos_fougascon_blanc-NL-768x439.png 768w, https:\/\/lefougascon.com\/wp-content\/uploads\/2026\/04\/logos_fougascon_blanc-NL-300x171.png 300w, https:\/\/lefougascon.com\/wp-content\/uploads\/2026\/04\/logos_fougascon_blanc-NL-1024x585.png 1024w, https:\/\/lefougascon.com\/wp-content\/uploads\/2026\/04\/logos_fougascon_blanc-NL-1536x878.png 1536w, https:\/\/lefougascon.com\/wp-content\/uploads\/2026\/04\/logos_fougascon_blanc-NL-2048x1171.png 2048w\" sizes=\"(max-width: 768px) 100vw, 768px\" \/>\t\t\t\t\t\t\t\t\t\t\t\t\t\t\t<\/div>\n\t\t\t\t<\/div>\n\t\t\t\t<div class=\"elementor-element elementor-element-05cdbe7 elementor-widget-divider--view-line elementor-widget elementor-widget-divider\" data-id=\"05cdbe7\" data-element_type=\"widget\" data-e-type=\"widget\" data-widget_type=\"divider.default\">\n\t\t\t\t<div class=\"elementor-widget-container\">\n\t\t\t\t\t\t\t<div class=\"elementor-divider\">\n\t\t\t<span class=\"elementor-divider-separator\">\n\t\t\t\t\t\t<\/span>\n\t\t<\/div>\n\t\t\t\t\t\t<\/div>\n\t\t\t\t<\/div>\n\t\t\t\t<section class=\"elementor-section elementor-inner-section elementor-element elementor-element-12d7c80 elementor-section-boxed elementor-section-height-default elementor-section-height-default\" data-id=\"12d7c80\" data-element_type=\"section\" data-e-type=\"section\">\n\t\t\t\t\t\t<div class=\"elementor-container elementor-column-gap-default\">\n\t\t\t\t\t<div class=\"elementor-column elementor-col-50 elementor-inner-column elementor-element elementor-element-834b4f0\" data-id=\"834b4f0\" data-element_type=\"column\" data-e-type=\"column\">\n\t\t\t<div class=\"elementor-widget-wrap elementor-element-populated\">\n\t\t\t\t\t\t<div class=\"elementor-element elementor-element-edc678f elementor-align-center elementor-widget elementor-widget-button\" data-id=\"edc678f\" data-element_type=\"widget\" data-e-type=\"widget\" data-widget_type=\"button.default\">\n\t\t\t\t<div class=\"elementor-widget-container\">\n\t\t\t\t\t\t\t\t\t<div class=\"elementor-button-wrapper\">\n\t\t\t\t\t<a class=\"elementor-button elementor-button-link elementor-size-lg\" href=\"https:\/\/lefougascon.com\/index.php\/nl\/bruiloft-cateraar-nl\/\">\n\t\t\t\t\t\t<span class=\"elementor-button-content-wrapper\">\n\t\t\t\t\t\t\t\t\t<span class=\"elementor-button-text\">bruiloft cateraar<\/span>\n\t\t\t\t\t<\/span>\n\t\t\t\t\t<\/a>\n\t\t\t\t<\/div>\n\t\t\t\t\t\t\t\t<\/div>\n\t\t\t\t<\/div>\n\t\t\t\t\t<\/div>\n\t\t<\/div>\n\t\t\t\t<div class=\"elementor-column elementor-col-50 elementor-inner-column elementor-element elementor-element-c5e7078\" data-id=\"c5e7078\" data-element_type=\"column\" data-e-type=\"column\">\n\t\t\t<div class=\"elementor-widget-wrap elementor-element-populated\">\n\t\t\t\t\t\t<div class=\"elementor-element elementor-element-1568e67 elementor-align-center elementor-widget elementor-widget-button\" data-id=\"1568e67\" data-element_type=\"widget\" data-e-type=\"widget\" data-widget_type=\"button.default\">\n\t\t\t\t<div class=\"elementor-widget-container\">\n\t\t\t\t\t\t\t\t\t<div class=\"elementor-button-wrapper\">\n\t\t\t\t\t<a class=\"elementor-button elementor-button-link elementor-size-lg\" href=\"https:\/\/lefougascon.com\/index.php\/nl\/het-domein-nl\/\">\n\t\t\t\t\t\t<span class=\"elementor-button-content-wrapper\">\n\t\t\t\t\t\t\t\t\t<span class=\"elementor-button-text\">het domein<\/span>\n\t\t\t\t\t<\/span>\n\t\t\t\t\t<\/a>\n\t\t\t\t<\/div>\n\t\t\t\t\t\t\t\t<\/div>\n\t\t\t\t<\/div>\n\t\t\t\t\t<\/div>\n\t\t<\/div>\n\t\t\t\t\t<\/div>\n\t\t<\/section>\n\t\t\t\t\t<\/div>\n\t\t<\/div>\n\t\t\t\t\t<\/div>\n\t\t<\/section>\n\t\t\t\t<section class=\"elementor-section elementor-top-section elementor-element elementor-element-f439baf elementor-section-boxed elementor-section-height-default elementor-section-height-default\" data-id=\"f439baf\" data-element_type=\"section\" data-e-type=\"section\" data-settings=\"{&quot;background_background&quot;:&quot;gradient&quot;}\">\n\t\t\t\t\t\t<div class=\"elementor-container elementor-column-gap-default\">\n\t\t\t\t\t<div class=\"elementor-column elementor-col-50 elementor-top-column elementor-element elementor-element-fa1a7f2\" data-id=\"fa1a7f2\" data-element_type=\"column\" data-e-type=\"column\" data-settings=\"{&quot;background_background&quot;:&quot;classic&quot;}\">\n\t\t\t<div class=\"elementor-widget-wrap elementor-element-populated\">\n\t\t\t\t\t\t<div class=\"elementor-element elementor-element-83e9acf elementor-widget elementor-widget-image\" data-id=\"83e9acf\" data-element_type=\"widget\" data-e-type=\"widget\" data-widget_type=\"image.default\">\n\t\t\t\t<div class=\"elementor-widget-container\">\n\t\t\t\t\t\t\t\t\t\t\t\t\t\t\t<img decoding=\"async\" width=\"939\" height=\"1020\" src=\"https:\/\/lefougascon.com\/wp-content\/uploads\/2023\/11\/Portrait-Laura-x-Geoffroy-e1700143377986.jpg\" class=\"attachment-full size-full wp-image-1878\" alt=\"traiteur-evenementiel-gers.jpg\" srcset=\"https:\/\/lefougascon.com\/wp-content\/uploads\/2023\/11\/Portrait-Laura-x-Geoffroy-e1700143377986.jpg 939w, https:\/\/lefougascon.com\/wp-content\/uploads\/2023\/11\/Portrait-Laura-x-Geoffroy-e1700143377986-276x300.jpg 276w, https:\/\/lefougascon.com\/wp-content\/uploads\/2023\/11\/Portrait-Laura-x-Geoffroy-e1700143377986-768x834.jpg 768w\" sizes=\"(max-width: 939px) 100vw, 939px\" \/>\t\t\t\t\t\t\t\t\t\t\t\t\t\t\t<\/div>\n\t\t\t\t<\/div>\n\t\t\t\t\t<\/div>\n\t\t<\/div>\n\t\t\t\t<div class=\"elementor-column elementor-col-50 elementor-top-column elementor-element elementor-element-58869e9\" data-id=\"58869e9\" data-element_type=\"column\" data-e-type=\"column\">\n\t\t\t<div class=\"elementor-widget-wrap elementor-element-populated\">\n\t\t\t\t\t\t<div class=\"elementor-element elementor-element-c79551f elementor-widget elementor-widget-heading\" data-id=\"c79551f\" data-element_type=\"widget\" data-e-type=\"widget\" data-widget_type=\"heading.default\">\n\t\t\t\t<div class=\"elementor-widget-container\">\n\t\t\t\t\t<h1 class=\"elementor-heading-title elementor-size-large\">Welkom bij Le Fou Gascon<\/h1>\t\t\t\t<\/div>\n\t\t\t\t<\/div>\n\t\t\t\t<div class=\"elementor-element elementor-element-fa76dce elementor-widget elementor-widget-heading\" data-id=\"fa76dce\" data-element_type=\"widget\" data-e-type=\"widget\" data-widget_type=\"heading.default\">\n\t\t\t\t<div class=\"elementor-widget-container\">\n\t\t\t\t\t<h2 class=\"elementor-heading-title elementor-size-default\">Laura en Geoffroy S\u00e9nat heten jullie welkom bij Le Fou Gascon,\neen warme en authentieke plek om samen te komen, gelegen in het hart van de Gers \u2014 een ongerepte streek in Zuidwest-Frankrijk.\n\n<\/h2>\t\t\t\t<\/div>\n\t\t\t\t<\/div>\n\t\t\t\t<div class=\"elementor-element elementor-element-9395894 elementor-widget-divider--view-line elementor-widget elementor-widget-divider\" data-id=\"9395894\" data-element_type=\"widget\" data-e-type=\"widget\" data-widget_type=\"divider.default\">\n\t\t\t\t<div class=\"elementor-widget-container\">\n\t\t\t\t\t\t\t<div class=\"elementor-divider\">\n\t\t\t<span class=\"elementor-divider-separator\">\n\t\t\t\t\t\t<\/span>\n\t\t<\/div>\n\t\t\t\t\t\t<\/div>\n\t\t\t\t<\/div>\n\t\t\t\t<div class=\"elementor-element elementor-element-c32e299 elementor-widget elementor-widget-text-editor\" data-id=\"c32e299\" data-element_type=\"widget\" data-e-type=\"widget\" data-widget_type=\"text-editor.default\">\n\t\t\t\t<div class=\"elementor-widget-container\">\n\t\t\t\t\t\t\t\t\t<p>Wij organiseren bruiloften en priv\u00e9-evenementen in een landschap van glooiende heuvels, eikenbomen en warm, goudkleurig licht.<br \/>Hier vertraagt de tijd.<br \/>Avonden duren lang.<br \/>Ochtenden zijn rustig en zacht.<br \/>Naast de locatie bieden wij ook catering op maat, gebaseerd op lokale en seizoensgebonden producten \u2014 een genereuze en verfijnde keuken, ge\u00efnspireerd door de Gascogne.<br \/>Onze gerechten kunnen worden geserveerd op het domein of op een locatie naar keuze.<br \/>Jullie kunnen Le Fou Gascon ook exclusief privatiseren, met catering op locatie voor een volledig verzorgde ervaring \u2014 eenvoudig, oprecht en menselijk.<\/p>\t\t\t\t\t\t\t\t<\/div>\n\t\t\t\t<\/div>\n\t\t\t\t\t<\/div>\n\t\t<\/div>\n\t\t\t\t\t<\/div>\n\t\t<\/section>\n\t\t\t\t<section class=\"elementor-section elementor-top-section elementor-element elementor-element-523b678 elementor-section-full_width elementor-section-height-default elementor-section-height-default\" data-id=\"523b678\" data-element_type=\"section\" data-e-type=\"section\">\n\t\t\t\t\t\t<div class=\"elementor-container elementor-column-gap-default\">\n\t\t\t\t\t<div class=\"elementor-column elementor-col-100 elementor-top-column elementor-element elementor-element-3455b9e elementor-invisible\" data-id=\"3455b9e\" data-element_type=\"column\" data-e-type=\"column\" data-settings=\"{&quot;background_background&quot;:&quot;classic&quot;,&quot;motion_fx_motion_fx_mouse&quot;:&quot;yes&quot;,&quot;animation&quot;:&quot;fadeIn&quot;}\">\n\t\t\t<div class=\"elementor-widget-wrap elementor-element-populated\">\n\t\t\t\t\t\t<div class=\"elementor-element elementor-element-0f684f6 elementor-widget elementor-widget-heading\" data-id=\"0f684f6\" data-element_type=\"widget\" data-e-type=\"widget\" data-widget_type=\"heading.default\">\n\t\t\t\t<div class=\"elementor-widget-container\">\n\t\t\t\t\t<h2 class=\"elementor-heading-title elementor-size-default\">Vertel ons over jullie plannen<\/h2>\t\t\t\t<\/div>\n\t\t\t\t<\/div>\n\t\t\t\t<div class=\"elementor-element elementor-element-1ecc097 elementor-widget elementor-widget-text-editor\" data-id=\"1ecc097\" data-element_type=\"widget\" data-e-type=\"widget\" data-widget_type=\"text-editor.default\">\n\t\t\t\t<div class=\"elementor-widget-container\">\n\t\t\t\t\t\t\t\t\t<p>Dromen jullie van een bruiloft in Frankrijk<br \/>die eenvoudig, warm en ontspannen voelt?<\/p>\t\t\t\t\t\t\t\t<\/div>\n\t\t\t\t<\/div>\n\t\t\t\t<div class=\"elementor-element elementor-element-199857e elementor-align-center elementor-widget elementor-widget-button\" data-id=\"199857e\" data-element_type=\"widget\" data-e-type=\"widget\" data-widget_type=\"button.default\">\n\t\t\t\t<div class=\"elementor-widget-container\">\n\t\t\t\t\t\t\t\t\t<div class=\"elementor-button-wrapper\">\n\t\t\t\t\t<a class=\"elementor-button elementor-button-link elementor-size-lg\" href=\"https:\/\/lefougascon.com\/index.php\/nl\/contact-nl\/\">\n\t\t\t\t\t\t<span class=\"elementor-button-content-wrapper\">\n\t\t\t\t\t\t\t\t\t<span class=\"elementor-button-text\">Neem contact met ons op<\/span>\n\t\t\t\t\t<\/span>\n\t\t\t\t\t<\/a>\n\t\t\t\t<\/div>\n\t\t\t\t\t\t\t\t<\/div>\n\t\t\t\t<\/div>\n\t\t\t\t<div class=\"elementor-element elementor-element-f8737ff elementor-widget elementor-widget-text-editor\" data-id=\"f8737ff\" data-element_type=\"widget\" data-e-type=\"widget\" data-widget_type=\"text-editor.default\">\n\t\t\t\t<div class=\"elementor-widget-container\">\n\t\t\t\t\t\t\t\t\t<p><em>Wij helpen jullie graag om er iets bijzonders van te maken.<\/em><\/p>\t\t\t\t\t\t\t\t<\/div>\n\t\t\t\t<\/div>\n\t\t\t\t\t<\/div>\n\t\t<\/div>\n\t\t\t\t\t<\/div>\n\t\t<\/section>\n\t\t\t\t<\/div>\n\t\t","protected":false},"excerpt":{"rendered":"<p>bruiloft cateraar het domein Welkom bij Le Fou Gascon Laura en Geoffroy S\u00e9nat heten jullie welkom bij Le Fou Gascon, een warme en authentieke plek om samen te komen, gelegen in het hart van de Gers \u2014 een ongerepte streek in Zuidwest-Frankrijk. Wij organiseren bruiloften en priv\u00e9-evenementen in een landschap van glooiende heuvels, eikenbomen en [&hellip;]<\/p>\n","protected":false},"author":1,"featured_media":3191,"parent":0,"menu_order":0,"comment_status":"closed","ping_status":"closed","template":"","meta":{"site-sidebar-layout":"no-sidebar","site-content-layout":null,"ast-site-content-layout":"full-width-container","site-content-style":"unboxed","site-sidebar-style":"unboxed","ast-global-header-display":"","ast-banner-title-visibility":"","ast-main-header-display":"","ast-hfb-above-header-display":"","ast-hfb-below-header-display":null,"ast-hfb-mobile-header-display":"","site-post-title":"disabled","ast-breadcrumbs-content":null,"ast-featured-img":"disabled","footer-sml-layout":"","ast-disable-related-posts":"","theme-transparent-header-meta":"","adv-header-id-meta":"","stick-header-meta":"","header-above-stick-meta":"","header-main-stick-meta":"","header-below-stick-meta":null,"astra-migrate-meta-layouts":"set","ast-page-background-enabled":"default","ast-page-background-meta":{"desktop":{"background-color":"","background-image":"","background-repeat":"repeat","background-position":"center center","background-size":"auto","background-attachment":"scroll","background-type":"","background-media":"","overlay-type":"","overlay-color":"","overlay-opacity":"","overlay-gradient":""},"tablet":{"background-color":"","background-image":"","background-repeat":"repeat","background-position":"center center","background-size":"auto","background-attachment":"scroll","background-type":"","background-media":"","overlay-type":"","overlay-color":"","overlay-opacity":"","overlay-gradient":""},"mobile":{"background-color":"","background-image":"","background-repeat":"repeat","background-position":"center center","background-size":"auto","background-attachment":"scroll","background-type":"","background-media":"","overlay-type":"","overlay-color":"","overlay-opacity":"","overlay-gradient":""}},"ast-content-background-meta":{"desktop":{"background-color":"var(--ast-global-color-5)","background-image":"","background-repeat":"repeat","background-position":"center center","background-size":"auto","background-attachment":"scroll","background-type":"","background-media":"","overlay-type":"","overlay-color":"","overlay-opacity":"","overlay-gradient":""},"tablet":{"background-color":"var(--ast-global-color-5)","background-image":"","background-repeat":"repeat","background-position":"center center","background-size":"auto","background-attachment":"scroll","background-type":"","background-media":"","overlay-type":"","overlay-color":"","overlay-opacity":"","overlay-gradient":""},"mobile":{"background-color":"var(--ast-global-color-5)","background-image":"","background-repeat":"repeat","background-position":"center center","background-size":"auto","background-attachment":"scroll","background-type":"","background-media":"","overlay-type":"","overlay-color":"","overlay-opacity":"","overlay-gradient":""}},"footnotes":""},"class_list":["post-3677","page","type-page","status-publish","has-post-thumbnail","hentry"],"yoast_head":"<!-- This site is optimized with the Yoast SEO plugin v27.3 - https:\/\/yoast.com\/product\/yoast-seo-wordpress\/ -->\n<title>Catering voor bruiloften in Zuidwest-Frankrijk | Bruiloften op maat \u2013 Le Fou Gascon<\/title>\n<meta name=\"description\" content=\"Zoekt u een cateraar voor uw bruiloft in Zuidwest-Frankrijk? Le Fou Gascon biedt catering op maat met lokale gerechten, een ontspannen sfeer en een volledig persoonlijke ervaring.\" \/>\n<meta name=\"robots\" content=\"index, follow, max-snippet:-1, max-image-preview:large, max-video-preview:-1\" \/>\n<link rel=\"canonical\" href=\"https:\/\/lefougascon.com\/index.php\/nl\/welkom-nl\/\" \/>\n<meta property=\"og:locale\" content=\"fr_FR\" \/>\n<meta property=\"og:type\" content=\"article\" \/>\n<meta property=\"og:title\" content=\"Catering voor bruiloften in Zuidwest-Frankrijk | Bruiloften op maat \u2013 Le Fou Gascon\" \/>\n<meta property=\"og:description\" content=\"Zoekt u een cateraar voor uw bruiloft in Zuidwest-Frankrijk? Le Fou Gascon biedt catering op maat met lokale gerechten, een ontspannen sfeer en een volledig persoonlijke ervaring.\" \/>\n<meta property=\"og:url\" content=\"https:\/\/lefougascon.com\/index.php\/nl\/welkom-nl\/\" \/>\n<meta property=\"og:site_name\" content=\"LE FOU GASCON\" \/>\n<meta property=\"article:publisher\" content=\"https:\/\/www.facebook.com\/lefougascon\/\" \/>\n<meta property=\"article:modified_time\" content=\"2026-04-03T18:20:11+00:00\" \/>\n<meta property=\"og:image\" content=\"https:\/\/lefougascon.com\/wp-content\/uploads\/2025\/04\/354-1449-scaled.jpg\" \/>\n\t<meta property=\"og:image:width\" content=\"2560\" \/>\n\t<meta property=\"og:image:height\" content=\"1707\" \/>\n\t<meta property=\"og:image:type\" content=\"image\/jpeg\" \/>\n<meta name=\"twitter:card\" content=\"summary_large_image\" \/>\n<meta name=\"twitter:label1\" content=\"Dur\u00e9e de lecture estim\u00e9e\" \/>\n\t<meta name=\"twitter:data1\" content=\"2 minutes\" \/>\n<script type=\"application\/ld+json\" class=\"yoast-schema-graph\">{\"@context\":\"https:\\\/\\\/schema.org\",\"@graph\":[{\"@type\":\"WebPage\",\"@id\":\"https:\\\/\\\/lefougascon.com\\\/index.php\\\/nl\\\/welkom-nl\\\/\",\"url\":\"https:\\\/\\\/lefougascon.com\\\/index.php\\\/nl\\\/welkom-nl\\\/\",\"name\":\"Catering voor bruiloften in Zuidwest-Frankrijk | Bruiloften op maat \u2013 Le Fou Gascon\",\"isPartOf\":{\"@id\":\"https:\\\/\\\/lefougascon.com\\\/#website\"},\"primaryImageOfPage\":{\"@id\":\"https:\\\/\\\/lefougascon.com\\\/index.php\\\/nl\\\/welkom-nl\\\/#primaryimage\"},\"image\":{\"@id\":\"https:\\\/\\\/lefougascon.com\\\/index.php\\\/nl\\\/welkom-nl\\\/#primaryimage\"},\"thumbnailUrl\":\"https:\\\/\\\/lefougascon.com\\\/wp-content\\\/uploads\\\/2025\\\/04\\\/354-1449-scaled.jpg\",\"datePublished\":\"2026-04-03T17:46:56+00:00\",\"dateModified\":\"2026-04-03T18:20:11+00:00\",\"description\":\"Zoekt u een cateraar voor uw bruiloft in Zuidwest-Frankrijk? Le Fou Gascon biedt catering op maat met lokale gerechten, een ontspannen sfeer en een volledig persoonlijke ervaring.\",\"breadcrumb\":{\"@id\":\"https:\\\/\\\/lefougascon.com\\\/index.php\\\/nl\\\/welkom-nl\\\/#breadcrumb\"},\"inLanguage\":\"fr-FR\",\"potentialAction\":[{\"@type\":\"ReadAction\",\"target\":[\"https:\\\/\\\/lefougascon.com\\\/index.php\\\/nl\\\/welkom-nl\\\/\"]}]},{\"@type\":\"ImageObject\",\"inLanguage\":\"fr-FR\",\"@id\":\"https:\\\/\\\/lefougascon.com\\\/index.php\\\/nl\\\/welkom-nl\\\/#primaryimage\",\"url\":\"https:\\\/\\\/lefougascon.com\\\/wp-content\\\/uploads\\\/2025\\\/04\\\/354-1449-scaled.jpg\",\"contentUrl\":\"https:\\\/\\\/lefougascon.com\\\/wp-content\\\/uploads\\\/2025\\\/04\\\/354-1449-scaled.jpg\",\"width\":2560,\"height\":1707,\"caption\":\"Le Fou Gascon Traiteur \u00e9v\u00e9nement professionnel ou priv\u00e9 et Domaine de r\u00e9ception au c\u0153ur du Gers\"},{\"@type\":\"BreadcrumbList\",\"@id\":\"https:\\\/\\\/lefougascon.com\\\/index.php\\\/nl\\\/welkom-nl\\\/#breadcrumb\",\"itemListElement\":[{\"@type\":\"ListItem\",\"position\":1,\"name\":\"Accueil\",\"item\":\"https:\\\/\\\/lefougascon.com\\\/\"},{\"@type\":\"ListItem\",\"position\":2,\"name\":\"Welkom &#8211; NL\"}]},{\"@type\":\"WebSite\",\"@id\":\"https:\\\/\\\/lefougascon.com\\\/#website\",\"url\":\"https:\\\/\\\/lefougascon.com\\\/\",\"name\":\"LE FOU GASCON\",\"description\":\"Traiteur \u00e9v\u00e9nementiel  Salle de r\u00e9ception en Gascogne\",\"publisher\":{\"@id\":\"https:\\\/\\\/lefougascon.com\\\/#organization\"},\"potentialAction\":[{\"@type\":\"SearchAction\",\"target\":{\"@type\":\"EntryPoint\",\"urlTemplate\":\"https:\\\/\\\/lefougascon.com\\\/?s={search_term_string}\"},\"query-input\":{\"@type\":\"PropertyValueSpecification\",\"valueRequired\":true,\"valueName\":\"search_term_string\"}}],\"inLanguage\":\"fr-FR\"},{\"@type\":\"Organization\",\"@id\":\"https:\\\/\\\/lefougascon.com\\\/#organization\",\"name\":\"LE FOU GASCON\",\"url\":\"https:\\\/\\\/lefougascon.com\\\/\",\"logo\":{\"@type\":\"ImageObject\",\"inLanguage\":\"fr-FR\",\"@id\":\"https:\\\/\\\/lefougascon.com\\\/#\\\/schema\\\/logo\\\/image\\\/\",\"url\":\"https:\\\/\\\/lefougascon.com\\\/wp-content\\\/uploads\\\/2022\\\/03\\\/logos_fougascon_new2022-general.png\",\"contentUrl\":\"https:\\\/\\\/lefougascon.com\\\/wp-content\\\/uploads\\\/2022\\\/03\\\/logos_fougascon_new2022-general.png\",\"width\":1473,\"height\":841,\"caption\":\"LE FOU GASCON\"},\"image\":{\"@id\":\"https:\\\/\\\/lefougascon.com\\\/#\\\/schema\\\/logo\\\/image\\\/\"},\"sameAs\":[\"https:\\\/\\\/www.facebook.com\\\/lefougascon\\\/\",\"https:\\\/\\\/www.instagram.com\\\/lefougascon\\\/?hl=fr\"]}]}<\/script>\n<!-- \/ Yoast SEO plugin. -->","yoast_head_json":{"title":"Catering voor bruiloften in Zuidwest-Frankrijk | Bruiloften op maat \u2013 Le Fou Gascon","description":"Zoekt u een cateraar voor uw bruiloft in Zuidwest-Frankrijk? Le Fou Gascon biedt catering op maat met lokale gerechten, een ontspannen sfeer en een volledig persoonlijke ervaring.","robots":{"index":"index","follow":"follow","max-snippet":"max-snippet:-1","max-image-preview":"max-image-preview:large","max-video-preview":"max-video-preview:-1"},"canonical":"https:\/\/lefougascon.com\/index.php\/nl\/welkom-nl\/","og_locale":"fr_FR","og_type":"article","og_title":"Catering voor bruiloften in Zuidwest-Frankrijk | Bruiloften op maat \u2013 Le Fou Gascon","og_description":"Zoekt u een cateraar voor uw bruiloft in Zuidwest-Frankrijk? Le Fou Gascon biedt catering op maat met lokale gerechten, een ontspannen sfeer en een volledig persoonlijke ervaring.","og_url":"https:\/\/lefougascon.com\/index.php\/nl\/welkom-nl\/","og_site_name":"LE FOU GASCON","article_publisher":"https:\/\/www.facebook.com\/lefougascon\/","article_modified_time":"2026-04-03T18:20:11+00:00","og_image":[{"width":2560,"height":1707,"url":"https:\/\/lefougascon.com\/wp-content\/uploads\/2025\/04\/354-1449-scaled.jpg","type":"image\/jpeg"}],"twitter_card":"summary_large_image","twitter_misc":{"Dur\u00e9e de lecture estim\u00e9e":"2 minutes"},"schema":{"@context":"https:\/\/schema.org","@graph":[{"@type":"WebPage","@id":"https:\/\/lefougascon.com\/index.php\/nl\/welkom-nl\/","url":"https:\/\/lefougascon.com\/index.php\/nl\/welkom-nl\/","name":"Catering voor bruiloften in Zuidwest-Frankrijk | Bruiloften op maat \u2013 Le Fou Gascon","isPartOf":{"@id":"https:\/\/lefougascon.com\/#website"},"primaryImageOfPage":{"@id":"https:\/\/lefougascon.com\/index.php\/nl\/welkom-nl\/#primaryimage"},"image":{"@id":"https:\/\/lefougascon.com\/index.php\/nl\/welkom-nl\/#primaryimage"},"thumbnailUrl":"https:\/\/lefougascon.com\/wp-content\/uploads\/2025\/04\/354-1449-scaled.jpg","datePublished":"2026-04-03T17:46:56+00:00","dateModified":"2026-04-03T18:20:11+00:00","description":"Zoekt u een cateraar voor uw bruiloft in Zuidwest-Frankrijk? Le Fou Gascon biedt catering op maat met lokale gerechten, een ontspannen sfeer en een volledig persoonlijke ervaring.","breadcrumb":{"@id":"https:\/\/lefougascon.com\/index.php\/nl\/welkom-nl\/#breadcrumb"},"inLanguage":"fr-FR","potentialAction":[{"@type":"ReadAction","target":["https:\/\/lefougascon.com\/index.php\/nl\/welkom-nl\/"]}]},{"@type":"ImageObject","inLanguage":"fr-FR","@id":"https:\/\/lefougascon.com\/index.php\/nl\/welkom-nl\/#primaryimage","url":"https:\/\/lefougascon.com\/wp-content\/uploads\/2025\/04\/354-1449-scaled.jpg","contentUrl":"https:\/\/lefougascon.com\/wp-content\/uploads\/2025\/04\/354-1449-scaled.jpg","width":2560,"height":1707,"caption":"Le Fou Gascon Traiteur \u00e9v\u00e9nement professionnel ou priv\u00e9 et Domaine de r\u00e9ception au c\u0153ur du Gers"},{"@type":"BreadcrumbList","@id":"https:\/\/lefougascon.com\/index.php\/nl\/welkom-nl\/#breadcrumb","itemListElement":[{"@type":"ListItem","position":1,"name":"Accueil","item":"https:\/\/lefougascon.com\/"},{"@type":"ListItem","position":2,"name":"Welkom &#8211; NL"}]},{"@type":"WebSite","@id":"https:\/\/lefougascon.com\/#website","url":"https:\/\/lefougascon.com\/","name":"LE FOU GASCON","description":"Traiteur \u00e9v\u00e9nementiel  Salle de r\u00e9ception en Gascogne","publisher":{"@id":"https:\/\/lefougascon.com\/#organization"},"potentialAction":[{"@type":"SearchAction","target":{"@type":"EntryPoint","urlTemplate":"https:\/\/lefougascon.com\/?s={search_term_string}"},"query-input":{"@type":"PropertyValueSpecification","valueRequired":true,"valueName":"search_term_string"}}],"inLanguage":"fr-FR"},{"@type":"Organization","@id":"https:\/\/lefougascon.com\/#organization","name":"LE FOU GASCON","url":"https:\/\/lefougascon.com\/","logo":{"@type":"ImageObject","inLanguage":"fr-FR","@id":"https:\/\/lefougascon.com\/#\/schema\/logo\/image\/","url":"https:\/\/lefougascon.com\/wp-content\/uploads\/2022\/03\/logos_fougascon_new2022-general.png","contentUrl":"https:\/\/lefougascon.com\/wp-content\/uploads\/2022\/03\/logos_fougascon_new2022-general.png","width":1473,"height":841,"caption":"LE FOU GASCON"},"image":{"@id":"https:\/\/lefougascon.com\/#\/schema\/logo\/image\/"},"sameAs":["https:\/\/www.facebook.com\/lefougascon\/","https:\/\/www.instagram.com\/lefougascon\/?hl=fr"]}]}},"_links":{"self":[{"href":"https:\/\/lefougascon.com\/index.php\/wp-json\/wp\/v2\/pages\/3677","targetHints":{"allow":["GET"]}}],"collection":[{"href":"https:\/\/lefougascon.com\/index.php\/wp-json\/wp\/v2\/pages"}],"about":[{"href":"https:\/\/lefougascon.com\/index.php\/wp-json\/wp\/v2\/types\/page"}],"author":[{"embeddable":true,"href":"https:\/\/lefougascon.com\/index.php\/wp-json\/wp\/v2\/users\/1"}],"replies":[{"embeddable":true,"href":"https:\/\/lefougascon.com\/index.php\/wp-json\/wp\/v2\/comments?post=3677"}],"version-history":[{"count":10,"href":"https:\/\/lefougascon.com\/index.php\/wp-json\/wp\/v2\/pages\/3677\/revisions"}],"predecessor-version":[{"id":3816,"href":"https:\/\/lefougascon.com\/index.php\/wp-json\/wp\/v2\/pages\/3677\/revisions\/3816"}],"wp:featuredmedia":[{"embeddable":true,"href":"https:\/\/lefougascon.com\/index.php\/wp-json\/wp\/v2\/media\/3191"}],"wp:attachment":[{"href":"https:\/\/lefougascon.com\/index.php\/wp-json\/wp\/v2\/media?parent=3677"}],"curies":[{"name":"wp","href":"https:\/\/api.w.org\/{rel}","templated":true}]}}