{"id":3792,"date":"2026-04-03T20:07:28","date_gmt":"2026-04-03T18:07:28","guid":{"rendered":"https:\/\/lefougascon.com\/?page_id=3792"},"modified":"2026-04-03T20:12:14","modified_gmt":"2026-04-03T18:12:14","slug":"accommodatie-nl","status":"publish","type":"page","link":"https:\/\/lefougascon.com\/index.php\/nl\/accommodatie-nl\/","title":{"rendered":"Accommodatie &#8211; NL"},"content":{"rendered":"\t\t<div data-elementor-type=\"wp-page\" data-elementor-id=\"3792\" class=\"elementor elementor-3792\" data-elementor-post-type=\"page\">\n\t\t\t\t\t\t<section class=\"elementor-section elementor-top-section elementor-element elementor-element-f08b22c elementor-section-boxed elementor-section-height-default elementor-section-height-default\" data-id=\"f08b22c\" data-element_type=\"section\" data-e-type=\"section\" data-settings=\"{&quot;background_background&quot;:&quot;classic&quot;}\">\n\t\t\t\t\t\t\t<div class=\"elementor-background-overlay\"><\/div>\n\t\t\t\t\t\t\t<div class=\"elementor-container elementor-column-gap-default\">\n\t\t\t\t\t<div class=\"elementor-column elementor-col-100 elementor-top-column elementor-element elementor-element-feeb7d7\" data-id=\"feeb7d7\" data-element_type=\"column\" data-e-type=\"column\">\n\t\t\t<div class=\"elementor-widget-wrap elementor-element-populated\">\n\t\t\t\t\t\t<div class=\"elementor-element elementor-element-0e6eb80 elementor-widget elementor-widget-image\" data-id=\"0e6eb80\" data-element_type=\"widget\" data-e-type=\"widget\" data-widget_type=\"image.default\">\n\t\t\t\t<div class=\"elementor-widget-container\">\n\t\t\t\t\t\t\t\t\t\t\t\t\t\t\t<img fetchpriority=\"high\" decoding=\"async\" width=\"1024\" height=\"493\" src=\"https:\/\/lefougascon.com\/wp-content\/uploads\/2026\/04\/icone_Hebergements-1-1024x493.png\" class=\"attachment-large size-large wp-image-3794\" alt=\"\" srcset=\"https:\/\/lefougascon.com\/wp-content\/uploads\/2026\/04\/icone_Hebergements-1-1024x493.png 1024w, https:\/\/lefougascon.com\/wp-content\/uploads\/2026\/04\/icone_Hebergements-1-300x144.png 300w, https:\/\/lefougascon.com\/wp-content\/uploads\/2026\/04\/icone_Hebergements-1-768x370.png 768w, https:\/\/lefougascon.com\/wp-content\/uploads\/2026\/04\/icone_Hebergements-1-1536x739.png 1536w, https:\/\/lefougascon.com\/wp-content\/uploads\/2026\/04\/icone_Hebergements-1-2048x986.png 2048w\" sizes=\"(max-width: 1024px) 100vw, 1024px\" \/>\t\t\t\t\t\t\t\t\t\t\t\t\t\t\t<\/div>\n\t\t\t\t<\/div>\n\t\t\t\t\t<\/div>\n\t\t<\/div>\n\t\t\t\t\t<\/div>\n\t\t<\/section>\n\t\t\t\t<section class=\"elementor-section elementor-top-section elementor-element elementor-element-b0e3de4 elementor-section-content-middle elementor-section-boxed elementor-section-height-default elementor-section-height-default\" data-id=\"b0e3de4\" data-element_type=\"section\" data-e-type=\"section\" data-settings=\"{&quot;background_background&quot;:&quot;classic&quot;}\">\n\t\t\t\t\t\t\t<div class=\"elementor-background-overlay\"><\/div>\n\t\t\t\t\t\t\t<div class=\"elementor-container elementor-column-gap-no\">\n\t\t\t\t\t<div class=\"elementor-column elementor-col-100 elementor-top-column elementor-element elementor-element-249079d\" data-id=\"249079d\" data-element_type=\"column\" data-e-type=\"column\">\n\t\t\t<div class=\"elementor-widget-wrap elementor-element-populated\">\n\t\t\t\t\t\t<section class=\"elementor-section elementor-inner-section elementor-element elementor-element-2d7ed9f elementor-section-full_width elementor-section-height-default elementor-section-height-default\" data-id=\"2d7ed9f\" data-element_type=\"section\" data-e-type=\"section\">\n\t\t\t\t\t\t<div class=\"elementor-container elementor-column-gap-default\">\n\t\t\t\t\t<div class=\"elementor-column elementor-col-50 elementor-inner-column elementor-element elementor-element-efa3c04 elementor-invisible\" data-id=\"efa3c04\" data-element_type=\"column\" data-e-type=\"column\" data-settings=\"{&quot;background_background&quot;:&quot;classic&quot;,&quot;background_motion_fx_motion_fx_scrolling&quot;:&quot;yes&quot;,&quot;background_motion_fx_scale_effect&quot;:&quot;yes&quot;,&quot;animation&quot;:&quot;fadeIn&quot;,&quot;background_motion_fx_scale_direction&quot;:&quot;out-in&quot;,&quot;background_motion_fx_scale_speed&quot;:{&quot;unit&quot;:&quot;px&quot;,&quot;size&quot;:4,&quot;sizes&quot;:[]},&quot;background_motion_fx_scale_range&quot;:{&quot;unit&quot;:&quot;%&quot;,&quot;size&quot;:&quot;&quot;,&quot;sizes&quot;:{&quot;start&quot;:20,&quot;end&quot;:80}},&quot;background_motion_fx_devices&quot;:[&quot;desktop&quot;,&quot;tablet&quot;,&quot;mobile&quot;]}\">\n\t\t\t<div class=\"elementor-widget-wrap elementor-element-populated\">\n\t\t\t\t\t<div class=\"elementor-background-overlay\"><\/div>\n\t\t\t\t\t\t<div class=\"elementor-element elementor-element-c98da8d elementor-widget elementor-widget-icon-box\" data-id=\"c98da8d\" data-element_type=\"widget\" data-e-type=\"widget\" data-widget_type=\"icon-box.default\">\n\t\t\t\t<div class=\"elementor-widget-container\">\n\t\t\t\t\t\t\t<div class=\"elementor-icon-box-wrapper\">\n\n\t\t\t\n\t\t\t\t\t\t<div class=\"elementor-icon-box-content\">\n\n\t\t\t\t\t\t\t\t\t<h3 class=\"elementor-icon-box-title\">\n\t\t\t\t\t\t<span  >\n\t\t\t\t\t\t\tOnze accommodatie\t\t\t\t\t\t<\/span>\n\t\t\t\t\t<\/h3>\n\t\t\t\t\n\t\t\t\t\t\t\t\t\t<p class=\"elementor-icon-box-description\">\n\t\t\t\t\t\tEen unieke glampingplek, direct op het landgoed.\t\t\t\t\t<\/p>\n\t\t\t\t\n\t\t\t<\/div>\n\t\t\t\n\t\t<\/div>\n\t\t\t\t\t\t<\/div>\n\t\t\t\t<\/div>\n\t\t\t\t<div class=\"elementor-element elementor-element-2b53435 elementor-align-left elementor-widget elementor-widget-button\" data-id=\"2b53435\" data-element_type=\"widget\" data-e-type=\"widget\" data-widget_type=\"button.default\">\n\t\t\t\t<div class=\"elementor-widget-container\">\n\t\t\t\t\t\t\t\t\t<div class=\"elementor-button-wrapper\">\n\t\t\t\t\t<a class=\"elementor-button elementor-button-link elementor-size-lg\" href=\"https:\/\/lefougascon.com\/index.php\/nl\/overnachten-op-het-domein-nl\/\">\n\t\t\t\t\t\t<span class=\"elementor-button-content-wrapper\">\n\t\t\t\t\t\t\t\t\t<span class=\"elementor-button-text\">leer meer<\/span>\n\t\t\t\t\t<\/span>\n\t\t\t\t\t<\/a>\n\t\t\t\t<\/div>\n\t\t\t\t\t\t\t\t<\/div>\n\t\t\t\t<\/div>\n\t\t\t\t\t<\/div>\n\t\t<\/div>\n\t\t\t\t<div class=\"elementor-column elementor-col-50 elementor-inner-column elementor-element elementor-element-397fd9b elementor-invisible\" data-id=\"397fd9b\" data-element_type=\"column\" data-e-type=\"column\" data-settings=\"{&quot;background_background&quot;:&quot;classic&quot;,&quot;background_motion_fx_motion_fx_scrolling&quot;:&quot;yes&quot;,&quot;background_motion_fx_scale_effect&quot;:&quot;yes&quot;,&quot;animation&quot;:&quot;fadeIn&quot;,&quot;background_motion_fx_scale_direction&quot;:&quot;out-in&quot;,&quot;background_motion_fx_scale_speed&quot;:{&quot;unit&quot;:&quot;px&quot;,&quot;size&quot;:4,&quot;sizes&quot;:[]},&quot;background_motion_fx_scale_range&quot;:{&quot;unit&quot;:&quot;%&quot;,&quot;size&quot;:&quot;&quot;,&quot;sizes&quot;:{&quot;start&quot;:20,&quot;end&quot;:80}},&quot;background_motion_fx_devices&quot;:[&quot;desktop&quot;,&quot;tablet&quot;,&quot;mobile&quot;]}\">\n\t\t\t<div class=\"elementor-widget-wrap elementor-element-populated\">\n\t\t\t\t\t<div class=\"elementor-background-overlay\"><\/div>\n\t\t\t\t\t\t<div class=\"elementor-element elementor-element-b0ece34 elementor-widget elementor-widget-icon-box\" data-id=\"b0ece34\" data-element_type=\"widget\" data-e-type=\"widget\" data-widget_type=\"icon-box.default\">\n\t\t\t\t<div class=\"elementor-widget-container\">\n\t\t\t\t\t\t\t<div class=\"elementor-icon-box-wrapper\">\n\n\t\t\t\n\t\t\t\t\t\t<div class=\"elementor-icon-box-content\">\n\n\t\t\t\t\t\t\t\t\t<h3 class=\"elementor-icon-box-title\">\n\t\t\t\t\t\t<span  >\n\t\t\t\t\t\t\tAccommodaties in de buurt\t\t\t\t\t\t<\/span>\n\t\t\t\t\t<\/h3>\n\t\t\t\t\n\t\t\t\t\t\t\t\t\t<p class=\"elementor-icon-box-description\">\n\t\t\t\t\t\tEen selectie van partneraccommodaties in de buurt van het Domaine.\t\t\t\t\t<\/p>\n\t\t\t\t\n\t\t\t<\/div>\n\t\t\t\n\t\t<\/div>\n\t\t\t\t\t\t<\/div>\n\t\t\t\t<\/div>\n\t\t\t\t<div class=\"elementor-element elementor-element-a8f7944 elementor-align-left elementor-widget elementor-widget-button\" data-id=\"a8f7944\" data-element_type=\"widget\" data-e-type=\"widget\" data-widget_type=\"button.default\">\n\t\t\t\t<div class=\"elementor-widget-container\">\n\t\t\t\t\t\t\t\t\t<div class=\"elementor-button-wrapper\">\n\t\t\t\t\t<a class=\"elementor-button elementor-button-link elementor-size-lg\" href=\"https:\/\/lefougascon.com\/index.php\/nl\/accommodaties-in-de-omgeving-nl\/\">\n\t\t\t\t\t\t<span class=\"elementor-button-content-wrapper\">\n\t\t\t\t\t\t\t\t\t<span class=\"elementor-button-text\">leer meer<\/span>\n\t\t\t\t\t<\/span>\n\t\t\t\t\t<\/a>\n\t\t\t\t<\/div>\n\t\t\t\t\t\t\t\t<\/div>\n\t\t\t\t<\/div>\n\t\t\t\t\t<\/div>\n\t\t<\/div>\n\t\t\t\t\t<\/div>\n\t\t<\/section>\n\t\t\t\t\t<\/div>\n\t\t<\/div>\n\t\t\t\t\t<\/div>\n\t\t<\/section>\n\t\t\t\t<section class=\"elementor-section elementor-top-section elementor-element elementor-element-6412764 elementor-section-full_width elementor-section-height-default elementor-section-height-default\" data-id=\"6412764\" data-element_type=\"section\" data-e-type=\"section\">\n\t\t\t\t\t\t<div class=\"elementor-container elementor-column-gap-default\">\n\t\t\t\t\t<div class=\"elementor-column elementor-col-100 elementor-top-column elementor-element elementor-element-8887dbb elementor-invisible\" data-id=\"8887dbb\" data-element_type=\"column\" data-e-type=\"column\" data-settings=\"{&quot;background_background&quot;:&quot;classic&quot;,&quot;motion_fx_motion_fx_mouse&quot;:&quot;yes&quot;,&quot;animation&quot;:&quot;fadeIn&quot;}\">\n\t\t\t<div class=\"elementor-widget-wrap elementor-element-populated\">\n\t\t\t\t\t\t<div class=\"elementor-element elementor-element-de5eae9 elementor-widget elementor-widget-heading\" data-id=\"de5eae9\" data-element_type=\"widget\" data-e-type=\"widget\" data-widget_type=\"heading.default\">\n\t\t\t\t<div class=\"elementor-widget-container\">\n\t\t\t\t\t<h2 class=\"elementor-heading-title elementor-size-default\">Vertel ons over jullie plannen<\/h2>\t\t\t\t<\/div>\n\t\t\t\t<\/div>\n\t\t\t\t<div class=\"elementor-element elementor-element-a5a3c0d elementor-widget elementor-widget-text-editor\" data-id=\"a5a3c0d\" data-element_type=\"widget\" data-e-type=\"widget\" data-widget_type=\"text-editor.default\">\n\t\t\t\t<div class=\"elementor-widget-container\">\n\t\t\t\t\t\t\t\t\t<p>Dromen jullie van een bruiloft in Frankrijk<br \/>die eenvoudig, warm en ontspannen voelt?<\/p>\t\t\t\t\t\t\t\t<\/div>\n\t\t\t\t<\/div>\n\t\t\t\t<div class=\"elementor-element elementor-element-1c666dd elementor-align-center elementor-widget elementor-widget-button\" data-id=\"1c666dd\" data-element_type=\"widget\" data-e-type=\"widget\" data-widget_type=\"button.default\">\n\t\t\t\t<div class=\"elementor-widget-container\">\n\t\t\t\t\t\t\t\t\t<div class=\"elementor-button-wrapper\">\n\t\t\t\t\t<a class=\"elementor-button elementor-button-link elementor-size-lg\" href=\"https:\/\/lefougascon.com\/index.php\/contact\/\">\n\t\t\t\t\t\t<span class=\"elementor-button-content-wrapper\">\n\t\t\t\t\t\t\t\t\t<span class=\"elementor-button-text\">Neem contact met ons op<\/span>\n\t\t\t\t\t<\/span>\n\t\t\t\t\t<\/a>\n\t\t\t\t<\/div>\n\t\t\t\t\t\t\t\t<\/div>\n\t\t\t\t<\/div>\n\t\t\t\t<div class=\"elementor-element elementor-element-3b31388 elementor-widget elementor-widget-text-editor\" data-id=\"3b31388\" data-element_type=\"widget\" data-e-type=\"widget\" data-widget_type=\"text-editor.default\">\n\t\t\t\t<div class=\"elementor-widget-container\">\n\t\t\t\t\t\t\t\t\t<p><em>Wij helpen jullie graag om er iets bijzonders van te maken.<\/em><\/p>\t\t\t\t\t\t\t\t<\/div>\n\t\t\t\t<\/div>\n\t\t\t\t\t<\/div>\n\t\t<\/div>\n\t\t\t\t\t<\/div>\n\t\t<\/section>\n\t\t\t\t<\/div>\n\t\t","protected":false},"excerpt":{"rendered":"<p>Onze accommodatie Een unieke glampingplek, direct op het landgoed. leer meer Accommodaties in de buurt Een selectie van partneraccommodaties in de buurt van het Domaine. leer meer Vertel ons over jullie plannen Dromen jullie van een bruiloft in Frankrijkdie eenvoudig, warm en ontspannen voelt? Neem contact met ons op Wij helpen jullie graag om er [&hellip;]<\/p>\n","protected":false},"author":1,"featured_media":0,"parent":0,"menu_order":0,"comment_status":"closed","ping_status":"closed","template":"","meta":{"site-sidebar-layout":"no-sidebar","site-content-layout":"page-builder","ast-site-content-layout":"full-width-container","site-content-style":"unboxed","site-sidebar-style":"unboxed","ast-global-header-display":"","ast-banner-title-visibility":"","ast-main-header-display":"","ast-hfb-above-header-display":"","ast-hfb-below-header-display":null,"ast-hfb-mobile-header-display":"","site-post-title":"disabled","ast-breadcrumbs-content":null,"ast-featured-img":"disabled","footer-sml-layout":"","ast-disable-related-posts":"","theme-transparent-header-meta":"","adv-header-id-meta":"","stick-header-meta":"","header-above-stick-meta":"","header-main-stick-meta":"","header-below-stick-meta":null,"astra-migrate-meta-layouts":"set","ast-page-background-enabled":"default","ast-page-background-meta":{"desktop":{"background-color":"","background-image":"","background-repeat":"repeat","background-position":"center center","background-size":"auto","background-attachment":"scroll","background-type":"","background-media":"","overlay-type":"","overlay-color":"","overlay-gradient":""},"tablet":{"background-color":"","background-image":"","background-repeat":"repeat","background-position":"center center","background-size":"auto","background-attachment":"scroll","background-type":"","background-media":"","overlay-type":"","overlay-color":"","overlay-gradient":""},"mobile":{"background-color":"","background-image":"","background-repeat":"repeat","background-position":"center center","background-size":"auto","background-attachment":"scroll","background-type":"","background-media":"","overlay-type":"","overlay-color":"","overlay-gradient":""}},"ast-content-background-meta":{"desktop":{"background-color":"var(--ast-global-color-5)","background-image":"","background-repeat":"repeat","background-position":"center center","background-size":"auto","background-attachment":"scroll","background-type":"","background-media":"","overlay-type":"","overlay-color":"","overlay-gradient":""},"tablet":{"background-color":"var(--ast-global-color-5)","background-image":"","background-repeat":"repeat","background-position":"center center","background-size":"auto","background-attachment":"scroll","background-type":"","background-media":"","overlay-type":"","overlay-color":"","overlay-gradient":""},"mobile":{"background-color":"var(--ast-global-color-5)","background-image":"","background-repeat":"repeat","background-position":"center center","background-size":"auto","background-attachment":"scroll","background-type":"","background-media":"","overlay-type":"","overlay-color":"","overlay-gradient":""}},"footnotes":""},"class_list":["post-3792","page","type-page","status-publish","hentry"],"yoast_head":"<!-- This site is optimized with the Yoast SEO plugin v27.3 - https:\/\/yoast.com\/product\/yoast-seo-wordpress\/ -->\n<title>H\u00e9bergement dans le Gers | Glamping &amp; r\u00e9ception \u2013 Le Fou Gascon<\/title>\n<meta name=\"description\" content=\"S\u00e9journez dans un h\u00e9bergement insolite dans le Gers avec Le Fou Gascon. Glamping ou logement pour \u00e9v\u00e9nements et cadre naturel pour prolonger vos moments uniques.\" \/>\n<meta name=\"robots\" content=\"index, follow, max-snippet:-1, max-image-preview:large, max-video-preview:-1\" \/>\n<link rel=\"canonical\" href=\"https:\/\/lefougascon.com\/index.php\/nl\/accommodatie-nl\/\" \/>\n<meta property=\"og:locale\" content=\"fr_FR\" \/>\n<meta property=\"og:type\" content=\"article\" \/>\n<meta property=\"og:title\" content=\"H\u00e9bergement dans le Gers | Glamping &amp; r\u00e9ception \u2013 Le Fou Gascon\" \/>\n<meta property=\"og:description\" content=\"S\u00e9journez dans un h\u00e9bergement insolite dans le Gers avec Le Fou Gascon. Glamping ou logement pour \u00e9v\u00e9nements et cadre naturel pour prolonger vos moments uniques.\" \/>\n<meta property=\"og:url\" content=\"https:\/\/lefougascon.com\/index.php\/nl\/accommodatie-nl\/\" \/>\n<meta property=\"og:site_name\" content=\"LE FOU GASCON\" \/>\n<meta property=\"article:publisher\" content=\"https:\/\/www.facebook.com\/lefougascon\/\" \/>\n<meta property=\"article:modified_time\" content=\"2026-04-03T18:12:14+00:00\" \/>\n<meta property=\"og:image\" content=\"https:\/\/lefougascon.com\/wp-content\/uploads\/2026\/04\/icone_Hebergements-1-scaled.png\" \/>\n\t<meta property=\"og:image:width\" content=\"2560\" \/>\n\t<meta property=\"og:image:height\" content=\"1232\" \/>\n\t<meta property=\"og:image:type\" content=\"image\/png\" \/>\n<meta name=\"twitter:card\" content=\"summary_large_image\" \/>\n<meta name=\"twitter:label1\" content=\"Dur\u00e9e de lecture estim\u00e9e\" \/>\n\t<meta name=\"twitter:data1\" content=\"1 minute\" \/>\n<script type=\"application\/ld+json\" class=\"yoast-schema-graph\">{\"@context\":\"https:\\\/\\\/schema.org\",\"@graph\":[{\"@type\":\"WebPage\",\"@id\":\"https:\\\/\\\/lefougascon.com\\\/index.php\\\/nl\\\/accommodatie-nl\\\/\",\"url\":\"https:\\\/\\\/lefougascon.com\\\/index.php\\\/nl\\\/accommodatie-nl\\\/\",\"name\":\"H\u00e9bergement dans le Gers | Glamping & r\u00e9ception \u2013 Le Fou Gascon\",\"isPartOf\":{\"@id\":\"https:\\\/\\\/lefougascon.com\\\/#website\"},\"primaryImageOfPage\":{\"@id\":\"https:\\\/\\\/lefougascon.com\\\/index.php\\\/nl\\\/accommodatie-nl\\\/#primaryimage\"},\"image\":{\"@id\":\"https:\\\/\\\/lefougascon.com\\\/index.php\\\/nl\\\/accommodatie-nl\\\/#primaryimage\"},\"thumbnailUrl\":\"https:\\\/\\\/lefougascon.com\\\/wp-content\\\/uploads\\\/2026\\\/04\\\/icone_Hebergements-1-1024x493.png\",\"datePublished\":\"2026-04-03T18:07:28+00:00\",\"dateModified\":\"2026-04-03T18:12:14+00:00\",\"description\":\"S\u00e9journez dans un h\u00e9bergement insolite dans le Gers avec Le Fou Gascon. Glamping ou logement pour \u00e9v\u00e9nements et cadre naturel pour prolonger vos moments uniques.\",\"breadcrumb\":{\"@id\":\"https:\\\/\\\/lefougascon.com\\\/index.php\\\/nl\\\/accommodatie-nl\\\/#breadcrumb\"},\"inLanguage\":\"fr-FR\",\"potentialAction\":[{\"@type\":\"ReadAction\",\"target\":[\"https:\\\/\\\/lefougascon.com\\\/index.php\\\/nl\\\/accommodatie-nl\\\/\"]}]},{\"@type\":\"ImageObject\",\"inLanguage\":\"fr-FR\",\"@id\":\"https:\\\/\\\/lefougascon.com\\\/index.php\\\/nl\\\/accommodatie-nl\\\/#primaryimage\",\"url\":\"https:\\\/\\\/lefougascon.com\\\/wp-content\\\/uploads\\\/2026\\\/04\\\/icone_Hebergements-1-scaled.png\",\"contentUrl\":\"https:\\\/\\\/lefougascon.com\\\/wp-content\\\/uploads\\\/2026\\\/04\\\/icone_Hebergements-1-scaled.png\",\"width\":2560,\"height\":1232},{\"@type\":\"BreadcrumbList\",\"@id\":\"https:\\\/\\\/lefougascon.com\\\/index.php\\\/nl\\\/accommodatie-nl\\\/#breadcrumb\",\"itemListElement\":[{\"@type\":\"ListItem\",\"position\":1,\"name\":\"Accueil\",\"item\":\"https:\\\/\\\/lefougascon.com\\\/\"},{\"@type\":\"ListItem\",\"position\":2,\"name\":\"Accommodatie &#8211; NL\"}]},{\"@type\":\"WebSite\",\"@id\":\"https:\\\/\\\/lefougascon.com\\\/#website\",\"url\":\"https:\\\/\\\/lefougascon.com\\\/\",\"name\":\"LE FOU GASCON\",\"description\":\"Traiteur \u00e9v\u00e9nementiel  Salle de r\u00e9ception en Gascogne\",\"publisher\":{\"@id\":\"https:\\\/\\\/lefougascon.com\\\/#organization\"},\"potentialAction\":[{\"@type\":\"SearchAction\",\"target\":{\"@type\":\"EntryPoint\",\"urlTemplate\":\"https:\\\/\\\/lefougascon.com\\\/?s={search_term_string}\"},\"query-input\":{\"@type\":\"PropertyValueSpecification\",\"valueRequired\":true,\"valueName\":\"search_term_string\"}}],\"inLanguage\":\"fr-FR\"},{\"@type\":\"Organization\",\"@id\":\"https:\\\/\\\/lefougascon.com\\\/#organization\",\"name\":\"LE FOU GASCON\",\"url\":\"https:\\\/\\\/lefougascon.com\\\/\",\"logo\":{\"@type\":\"ImageObject\",\"inLanguage\":\"fr-FR\",\"@id\":\"https:\\\/\\\/lefougascon.com\\\/#\\\/schema\\\/logo\\\/image\\\/\",\"url\":\"https:\\\/\\\/lefougascon.com\\\/wp-content\\\/uploads\\\/2022\\\/03\\\/logos_fougascon_new2022-general.png\",\"contentUrl\":\"https:\\\/\\\/lefougascon.com\\\/wp-content\\\/uploads\\\/2022\\\/03\\\/logos_fougascon_new2022-general.png\",\"width\":1473,\"height\":841,\"caption\":\"LE FOU GASCON\"},\"image\":{\"@id\":\"https:\\\/\\\/lefougascon.com\\\/#\\\/schema\\\/logo\\\/image\\\/\"},\"sameAs\":[\"https:\\\/\\\/www.facebook.com\\\/lefougascon\\\/\",\"https:\\\/\\\/www.instagram.com\\\/lefougascon\\\/?hl=fr\"]}]}<\/script>\n<!-- \/ Yoast SEO plugin. -->","yoast_head_json":{"title":"H\u00e9bergement dans le Gers | Glamping & r\u00e9ception \u2013 Le Fou Gascon","description":"S\u00e9journez dans un h\u00e9bergement insolite dans le Gers avec Le Fou Gascon. Glamping ou logement pour \u00e9v\u00e9nements et cadre naturel pour prolonger vos moments uniques.","robots":{"index":"index","follow":"follow","max-snippet":"max-snippet:-1","max-image-preview":"max-image-preview:large","max-video-preview":"max-video-preview:-1"},"canonical":"https:\/\/lefougascon.com\/index.php\/nl\/accommodatie-nl\/","og_locale":"fr_FR","og_type":"article","og_title":"H\u00e9bergement dans le Gers | Glamping & r\u00e9ception \u2013 Le Fou Gascon","og_description":"S\u00e9journez dans un h\u00e9bergement insolite dans le Gers avec Le Fou Gascon. Glamping ou logement pour \u00e9v\u00e9nements et cadre naturel pour prolonger vos moments uniques.","og_url":"https:\/\/lefougascon.com\/index.php\/nl\/accommodatie-nl\/","og_site_name":"LE FOU GASCON","article_publisher":"https:\/\/www.facebook.com\/lefougascon\/","article_modified_time":"2026-04-03T18:12:14+00:00","og_image":[{"width":2560,"height":1232,"url":"https:\/\/lefougascon.com\/wp-content\/uploads\/2026\/04\/icone_Hebergements-1-scaled.png","type":"image\/png"}],"twitter_card":"summary_large_image","twitter_misc":{"Dur\u00e9e de lecture estim\u00e9e":"1 minute"},"schema":{"@context":"https:\/\/schema.org","@graph":[{"@type":"WebPage","@id":"https:\/\/lefougascon.com\/index.php\/nl\/accommodatie-nl\/","url":"https:\/\/lefougascon.com\/index.php\/nl\/accommodatie-nl\/","name":"H\u00e9bergement dans le Gers | Glamping & r\u00e9ception \u2013 Le Fou Gascon","isPartOf":{"@id":"https:\/\/lefougascon.com\/#website"},"primaryImageOfPage":{"@id":"https:\/\/lefougascon.com\/index.php\/nl\/accommodatie-nl\/#primaryimage"},"image":{"@id":"https:\/\/lefougascon.com\/index.php\/nl\/accommodatie-nl\/#primaryimage"},"thumbnailUrl":"https:\/\/lefougascon.com\/wp-content\/uploads\/2026\/04\/icone_Hebergements-1-1024x493.png","datePublished":"2026-04-03T18:07:28+00:00","dateModified":"2026-04-03T18:12:14+00:00","description":"S\u00e9journez dans un h\u00e9bergement insolite dans le Gers avec Le Fou Gascon. Glamping ou logement pour \u00e9v\u00e9nements et cadre naturel pour prolonger vos moments uniques.","breadcrumb":{"@id":"https:\/\/lefougascon.com\/index.php\/nl\/accommodatie-nl\/#breadcrumb"},"inLanguage":"fr-FR","potentialAction":[{"@type":"ReadAction","target":["https:\/\/lefougascon.com\/index.php\/nl\/accommodatie-nl\/"]}]},{"@type":"ImageObject","inLanguage":"fr-FR","@id":"https:\/\/lefougascon.com\/index.php\/nl\/accommodatie-nl\/#primaryimage","url":"https:\/\/lefougascon.com\/wp-content\/uploads\/2026\/04\/icone_Hebergements-1-scaled.png","contentUrl":"https:\/\/lefougascon.com\/wp-content\/uploads\/2026\/04\/icone_Hebergements-1-scaled.png","width":2560,"height":1232},{"@type":"BreadcrumbList","@id":"https:\/\/lefougascon.com\/index.php\/nl\/accommodatie-nl\/#breadcrumb","itemListElement":[{"@type":"ListItem","position":1,"name":"Accueil","item":"https:\/\/lefougascon.com\/"},{"@type":"ListItem","position":2,"name":"Accommodatie &#8211; NL"}]},{"@type":"WebSite","@id":"https:\/\/lefougascon.com\/#website","url":"https:\/\/lefougascon.com\/","name":"LE FOU GASCON","description":"Traiteur \u00e9v\u00e9nementiel  Salle de r\u00e9ception en Gascogne","publisher":{"@id":"https:\/\/lefougascon.com\/#organization"},"potentialAction":[{"@type":"SearchAction","target":{"@type":"EntryPoint","urlTemplate":"https:\/\/lefougascon.com\/?s={search_term_string}"},"query-input":{"@type":"PropertyValueSpecification","valueRequired":true,"valueName":"search_term_string"}}],"inLanguage":"fr-FR"},{"@type":"Organization","@id":"https:\/\/lefougascon.com\/#organization","name":"LE FOU GASCON","url":"https:\/\/lefougascon.com\/","logo":{"@type":"ImageObject","inLanguage":"fr-FR","@id":"https:\/\/lefougascon.com\/#\/schema\/logo\/image\/","url":"https:\/\/lefougascon.com\/wp-content\/uploads\/2022\/03\/logos_fougascon_new2022-general.png","contentUrl":"https:\/\/lefougascon.com\/wp-content\/uploads\/2022\/03\/logos_fougascon_new2022-general.png","width":1473,"height":841,"caption":"LE FOU GASCON"},"image":{"@id":"https:\/\/lefougascon.com\/#\/schema\/logo\/image\/"},"sameAs":["https:\/\/www.facebook.com\/lefougascon\/","https:\/\/www.instagram.com\/lefougascon\/?hl=fr"]}]}},"_links":{"self":[{"href":"https:\/\/lefougascon.com\/index.php\/wp-json\/wp\/v2\/pages\/3792","targetHints":{"allow":["GET"]}}],"collection":[{"href":"https:\/\/lefougascon.com\/index.php\/wp-json\/wp\/v2\/pages"}],"about":[{"href":"https:\/\/lefougascon.com\/index.php\/wp-json\/wp\/v2\/types\/page"}],"author":[{"embeddable":true,"href":"https:\/\/lefougascon.com\/index.php\/wp-json\/wp\/v2\/users\/1"}],"replies":[{"embeddable":true,"href":"https:\/\/lefougascon.com\/index.php\/wp-json\/wp\/v2\/comments?post=3792"}],"version-history":[{"count":7,"href":"https:\/\/lefougascon.com\/index.php\/wp-json\/wp\/v2\/pages\/3792\/revisions"}],"predecessor-version":[{"id":3801,"href":"https:\/\/lefougascon.com\/index.php\/wp-json\/wp\/v2\/pages\/3792\/revisions\/3801"}],"wp:attachment":[{"href":"https:\/\/lefougascon.com\/index.php\/wp-json\/wp\/v2\/media?parent=3792"}],"curies":[{"name":"wp","href":"https:\/\/api.w.org\/{rel}","templated":true}]}}