{"id":2188,"date":"2024-03-15T17:28:55","date_gmt":"2024-03-15T16:28:55","guid":{"rendered":"https:\/\/lefougascon.com\/?page_id=2188"},"modified":"2026-03-11T17:18:06","modified_gmt":"2026-03-11T16:18:06","slug":"buanderie","status":"publish","type":"page","link":"https:\/\/lefougascon.com\/?page_id=2188","title":{"rendered":"Buanderie"},"content":{"rendered":"\t\t<div data-elementor-type=\"wp-page\" data-elementor-id=\"2188\" class=\"elementor elementor-2188\" data-elementor-post-type=\"page\">\n\t\t\t\t\t\t<section class=\"elementor-section elementor-top-section elementor-element elementor-element-7db38ee elementor-section-boxed elementor-section-height-default elementor-section-height-default\" data-id=\"7db38ee\" data-element_type=\"section\" data-e-type=\"section\" data-settings=\"{&quot;background_background&quot;:&quot;classic&quot;}\">\n\t\t\t\t\t\t\t<div class=\"elementor-background-overlay\"><\/div>\n\t\t\t\t\t\t\t<div class=\"elementor-container elementor-column-gap-default\">\n\t\t\t\t\t<div class=\"elementor-column elementor-col-100 elementor-top-column elementor-element elementor-element-0a7df28\" data-id=\"0a7df28\" data-element_type=\"column\" data-e-type=\"column\" data-settings=\"{&quot;background_background&quot;:&quot;classic&quot;}\">\n\t\t\t<div class=\"elementor-widget-wrap elementor-element-populated\">\n\t\t\t\t\t\t<div class=\"elementor-element elementor-element-40157a6 elementor-widget elementor-widget-heading\" data-id=\"40157a6\" data-element_type=\"widget\" data-e-type=\"widget\" data-widget_type=\"heading.default\">\n\t\t\t\t<div class=\"elementor-widget-container\">\n\t\t\t\t\t<h1 class=\"elementor-heading-title elementor-size-default\">Nappage &amp; serviettes<\/h1>\t\t\t\t<\/div>\n\t\t\t\t<\/div>\n\t\t\t\t\t<\/div>\n\t\t<\/div>\n\t\t\t\t\t<\/div>\n\t\t<\/section>\n\t\t\t\t<section class=\"elementor-section elementor-top-section elementor-element elementor-element-e340de8 elementor-section-boxed elementor-section-height-default elementor-section-height-default\" data-id=\"e340de8\" data-element_type=\"section\" data-e-type=\"section\" data-settings=\"{&quot;background_background&quot;:&quot;classic&quot;}\">\n\t\t\t\t\t\t\t<div class=\"elementor-background-overlay\"><\/div>\n\t\t\t\t\t\t\t<div class=\"elementor-container elementor-column-gap-default\">\n\t\t\t\t\t<div class=\"elementor-column elementor-col-100 elementor-top-column elementor-element elementor-element-ea1c09d\" data-id=\"ea1c09d\" data-element_type=\"column\" data-e-type=\"column\" data-settings=\"{&quot;background_background&quot;:&quot;classic&quot;}\">\n\t\t\t<div class=\"elementor-widget-wrap elementor-element-populated\">\n\t\t\t\t\t\t<div class=\"elementor-element elementor-element-647000d elementor-widget elementor-widget-text-editor\" data-id=\"647000d\" data-element_type=\"widget\" data-e-type=\"widget\" data-widget_type=\"text-editor.default\">\n\t\t\t\t<div class=\"elementor-widget-container\">\n\t\t\t\t\t\t\t\t\t<p><em>Le Fou Gascon vous propose la location de nappes et de serviettes de table de haute qualit\u00e9 pour sublimer tous vos \u00e9v\u00e9nements, qu\u2019ils soient priv\u00e9s ou professionnels. Nos textiles, 100 % coton et certifi\u00e9s made in France, allient \u00e9l\u00e9gance et savoir-faire pour une touche raffin\u00e9e et authentique \u00e0 votre table.<\/em><\/p>\t\t\t\t\t\t\t\t<\/div>\n\t\t\t\t<\/div>\n\t\t\t\t<section class=\"elementor-section elementor-inner-section elementor-element elementor-element-2a2b0b4 elementor-section-boxed elementor-section-height-default elementor-section-height-default\" data-id=\"2a2b0b4\" data-element_type=\"section\" data-e-type=\"section\">\n\t\t\t\t\t\t<div class=\"elementor-container elementor-column-gap-default\">\n\t\t\t\t\t<div class=\"elementor-column elementor-col-50 elementor-inner-column elementor-element elementor-element-27c7b6d\" data-id=\"27c7b6d\" data-element_type=\"column\" data-e-type=\"column\">\n\t\t\t<div class=\"elementor-widget-wrap elementor-element-populated\">\n\t\t\t\t\t\t<div class=\"elementor-element elementor-element-d1020bb elementor-widget elementor-widget-icon-box\" data-id=\"d1020bb\" data-element_type=\"widget\" data-e-type=\"widget\" data-widget_type=\"icon-box.default\">\n\t\t\t\t<div class=\"elementor-widget-container\">\n\t\t\t\t\t\t\t<div class=\"elementor-icon-box-wrapper\">\n\n\t\t\t\n\t\t\t\t\t\t<div class=\"elementor-icon-box-content\">\n\n\t\t\t\t\t\t\t\t\t<h4 class=\"elementor-icon-box-title\">\n\t\t\t\t\t\t<span  >\n\t\t\t\t\t\t\tNappe 295cm x 295cm\t\t\t\t\t\t<\/span>\n\t\t\t\t\t<\/h4>\n\t\t\t\t\n\t\t\t\t\t\t\t\t\t<p class=\"elementor-icon-box-description\">\n\t\t\t\t\t\tId\u00e9al pour des tables \u00e0 partir de 185cm de diam\u00e8tre.<br>Location : 14.50 \u20ac TTC l'unit\u00e9.\t\t\t\t\t<\/p>\n\t\t\t\t\n\t\t\t<\/div>\n\t\t\t\n\t\t<\/div>\n\t\t\t\t\t\t<\/div>\n\t\t\t\t<\/div>\n\t\t\t\t\t<\/div>\n\t\t<\/div>\n\t\t\t\t<div class=\"elementor-column elementor-col-50 elementor-inner-column elementor-element elementor-element-8618e2e\" data-id=\"8618e2e\" data-element_type=\"column\" data-e-type=\"column\">\n\t\t\t<div class=\"elementor-widget-wrap elementor-element-populated\">\n\t\t\t\t\t\t<div class=\"elementor-element elementor-element-9351b78 elementor-widget elementor-widget-icon-box\" data-id=\"9351b78\" data-element_type=\"widget\" data-e-type=\"widget\" data-widget_type=\"icon-box.default\">\n\t\t\t\t<div class=\"elementor-widget-container\">\n\t\t\t\t\t\t\t<div class=\"elementor-icon-box-wrapper\">\n\n\t\t\t\n\t\t\t\t\t\t<div class=\"elementor-icon-box-content\">\n\n\t\t\t\t\t\t\t\t\t<h4 class=\"elementor-icon-box-title\">\n\t\t\t\t\t\t<span  >\n\t\t\t\t\t\t\tNappe 245cm x 245cm\t\t\t\t\t\t<\/span>\n\t\t\t\t\t<\/h4>\n\t\t\t\t\n\t\t\t\t\t\t\t\t\t<p class=\"elementor-icon-box-description\">\n\t\t\t\t\t\tId\u00e9al pour des tables jusqu'\u00e0 180cm de diam\u00e8tre. <br>Location : 14.50\u20ac TTC l'unit\u00e9.\t\t\t\t\t<\/p>\n\t\t\t\t\n\t\t\t<\/div>\n\t\t\t\n\t\t<\/div>\n\t\t\t\t\t\t<\/div>\n\t\t\t\t<\/div>\n\t\t\t\t\t<\/div>\n\t\t<\/div>\n\t\t\t\t\t<\/div>\n\t\t<\/section>\n\t\t\t\t<section class=\"elementor-section elementor-inner-section elementor-element elementor-element-0c1eafa elementor-section-boxed elementor-section-height-default elementor-section-height-default\" data-id=\"0c1eafa\" data-element_type=\"section\" data-e-type=\"section\">\n\t\t\t\t\t\t<div class=\"elementor-container elementor-column-gap-default\">\n\t\t\t\t\t<div class=\"elementor-column elementor-col-50 elementor-inner-column elementor-element elementor-element-9b0366d\" data-id=\"9b0366d\" data-element_type=\"column\" data-e-type=\"column\">\n\t\t\t<div class=\"elementor-widget-wrap elementor-element-populated\">\n\t\t\t\t\t\t<div class=\"elementor-element elementor-element-c8265ab elementor-widget elementor-widget-icon-box\" data-id=\"c8265ab\" data-element_type=\"widget\" data-e-type=\"widget\" data-widget_type=\"icon-box.default\">\n\t\t\t\t<div class=\"elementor-widget-container\">\n\t\t\t\t\t\t\t<div class=\"elementor-icon-box-wrapper\">\n\n\t\t\t\n\t\t\t\t\t\t<div class=\"elementor-icon-box-content\">\n\n\t\t\t\t\t\t\t\t\t<h4 class=\"elementor-icon-box-title\">\n\t\t\t\t\t\t<span  >\n\t\t\t\t\t\t\tNappe 185cm x 300cm\t\t\t\t\t\t<\/span>\n\t\t\t\t\t<\/h4>\n\t\t\t\t\n\t\t\t\t\t\t\t\t\t<p class=\"elementor-icon-box-description\">\n\t\t\t\t\t\tId\u00e9al pour des tables rectangulaires.<br>Location : 14.50\u20ac TTC l'unit\u00e9\t\t\t\t\t<\/p>\n\t\t\t\t\n\t\t\t<\/div>\n\t\t\t\n\t\t<\/div>\n\t\t\t\t\t\t<\/div>\n\t\t\t\t<\/div>\n\t\t\t\t\t<\/div>\n\t\t<\/div>\n\t\t\t\t<div class=\"elementor-column elementor-col-50 elementor-inner-column elementor-element elementor-element-b80499d\" data-id=\"b80499d\" data-element_type=\"column\" data-e-type=\"column\">\n\t\t\t<div class=\"elementor-widget-wrap elementor-element-populated\">\n\t\t\t\t\t\t<div class=\"elementor-element elementor-element-950529c elementor-widget elementor-widget-icon-box\" data-id=\"950529c\" data-element_type=\"widget\" data-e-type=\"widget\" data-widget_type=\"icon-box.default\">\n\t\t\t\t<div class=\"elementor-widget-container\">\n\t\t\t\t\t\t\t<div class=\"elementor-icon-box-wrapper\">\n\n\t\t\t\n\t\t\t\t\t\t<div class=\"elementor-icon-box-content\">\n\n\t\t\t\t\t\t\t\t\t<h4 class=\"elementor-icon-box-title\">\n\t\t\t\t\t\t<span  >\n\t\t\t\t\t\t\tServiette 50cm x 50cm\t\t\t\t\t\t<\/span>\n\t\t\t\t\t<\/h4>\n\t\t\t\t\n\t\t\t\t\t\t\t\t\t<p class=\"elementor-icon-box-description\">\n\t\t\t\t\t\tLocation : 1.50\u20ac TTC l'unit\u00e9\t\t\t\t\t<\/p>\n\t\t\t\t\n\t\t\t<\/div>\n\t\t\t\n\t\t<\/div>\n\t\t\t\t\t\t<\/div>\n\t\t\t\t<\/div>\n\t\t\t\t\t<\/div>\n\t\t<\/div>\n\t\t\t\t\t<\/div>\n\t\t<\/section>\n\t\t\t\t<div class=\"elementor-element elementor-element-5e4708b elementor-widget-divider--view-line elementor-widget elementor-widget-divider\" data-id=\"5e4708b\" data-element_type=\"widget\" data-e-type=\"widget\" data-widget_type=\"divider.default\">\n\t\t\t\t<div class=\"elementor-widget-container\">\n\t\t\t\t\t\t\t<div class=\"elementor-divider\">\n\t\t\t<span class=\"elementor-divider-separator\">\n\t\t\t\t\t\t<\/span>\n\t\t<\/div>\n\t\t\t\t\t\t<\/div>\n\t\t\t\t<\/div>\n\t\t\t\t<section class=\"elementor-section elementor-inner-section elementor-element elementor-element-887f5ff elementor-section-boxed elementor-section-height-default elementor-section-height-default\" data-id=\"887f5ff\" data-element_type=\"section\" data-e-type=\"section\">\n\t\t\t\t\t\t<div class=\"elementor-container elementor-column-gap-default\">\n\t\t\t\t\t<div class=\"elementor-column elementor-col-100 elementor-inner-column elementor-element elementor-element-d3af85c\" data-id=\"d3af85c\" data-element_type=\"column\" data-e-type=\"column\">\n\t\t\t<div class=\"elementor-widget-wrap elementor-element-populated\">\n\t\t\t\t\t\t<div class=\"elementor-element elementor-element-08c7eea elementor-widget elementor-widget-icon-box\" data-id=\"08c7eea\" data-element_type=\"widget\" data-e-type=\"widget\" data-widget_type=\"icon-box.default\">\n\t\t\t\t<div class=\"elementor-widget-container\">\n\t\t\t\t\t\t\t<div class=\"elementor-icon-box-wrapper\">\n\n\t\t\t\n\t\t\t\t\t\t<div class=\"elementor-icon-box-content\">\n\n\t\t\t\t\t\t\t\t\t<h4 class=\"elementor-icon-box-title\">\n\t\t\t\t\t\t<span  >\n\t\t\t\t\t\t\tConditions de location :\t\t\t\t\t\t<\/span>\n\t\t\t\t\t<\/h4>\n\t\t\t\t\n\t\t\t\t\n\t\t\t<\/div>\n\t\t\t\n\t\t<\/div>\n\t\t\t\t\t\t<\/div>\n\t\t\t\t<\/div>\n\t\t\t\t<div class=\"elementor-element elementor-element-6afc5ba elementor-widget elementor-widget-icon-box\" data-id=\"6afc5ba\" data-element_type=\"widget\" data-e-type=\"widget\" data-widget_type=\"icon-box.default\">\n\t\t\t\t<div class=\"elementor-widget-container\">\n\t\t\t\t\t\t\t<div class=\"elementor-icon-box-wrapper\">\n\n\t\t\t\n\t\t\t\t\t\t<div class=\"elementor-icon-box-content\">\n\n\t\t\t\t\t\t\t\t\t<h4 class=\"elementor-icon-box-title\">\n\t\t\t\t\t\t<span  >\n\t\t\t\t\t\t\t<div style=\"text-align: justify\"><span style=\"font-style: inherit;font-size: 16px\"><font color=\"#757575\" face=\"Raleway, sans-serif\">Merci d'\u00e9liminer tous les d\u00e9chets divers du nappage apr\u00e8s utilisation.\nToutes les t\u00e2ches alimentaires sont comprises dans le prix de la location.\nPour toute autre t\u00e2che non-alimentaire faisant l'objet d'un d\u00e9tachage et\/ou d'un nettoyage particulier, un suppl\u00e9ment pourra \u00eatre factur\u00e9.\nToute nappe perdue, d\u00e9t\u00e9rior\u00e9e ou non rattrapable \u00e0 cause d'une t\u00e2che non-alimentaire sera refactur\u00e9e au prix d'achat.<\/font><\/span><\/div>\t\t\t\t\t\t<\/span>\n\t\t\t\t\t<\/h4>\n\t\t\t\t\n\t\t\t\t\n\t\t\t<\/div>\n\t\t\t\n\t\t<\/div>\n\t\t\t\t\t\t<\/div>\n\t\t\t\t<\/div>\n\t\t\t\t\t<\/div>\n\t\t<\/div>\n\t\t\t\t\t<\/div>\n\t\t<\/section>\n\t\t\t\t\t<\/div>\n\t\t<\/div>\n\t\t\t\t\t<\/div>\n\t\t<\/section>\n\t\t\t\t<section class=\"elementor-section elementor-top-section elementor-element elementor-element-660cc11 elementor-section-full_width elementor-section-height-default elementor-section-height-default\" data-id=\"660cc11\" data-element_type=\"section\" data-e-type=\"section\">\n\t\t\t\t\t\t<div class=\"elementor-container elementor-column-gap-default\">\n\t\t\t\t\t<div class=\"elementor-column elementor-col-100 elementor-top-column elementor-element elementor-element-edaf515 elementor-invisible\" data-id=\"edaf515\" data-element_type=\"column\" data-e-type=\"column\" data-settings=\"{&quot;background_background&quot;:&quot;classic&quot;,&quot;motion_fx_motion_fx_mouse&quot;:&quot;yes&quot;,&quot;animation&quot;:&quot;fadeIn&quot;}\">\n\t\t\t<div class=\"elementor-widget-wrap elementor-element-populated\">\n\t\t\t\t\t\t<div class=\"elementor-element elementor-element-d72f99a elementor-widget elementor-widget-heading\" data-id=\"d72f99a\" data-element_type=\"widget\" data-e-type=\"widget\" data-widget_type=\"heading.default\">\n\t\t\t\t<div class=\"elementor-widget-container\">\n\t\t\t\t\t<h2 class=\"elementor-heading-title elementor-size-default\">DES questions ?<\/h2>\t\t\t\t<\/div>\n\t\t\t\t<\/div>\n\t\t\t\t<div class=\"elementor-element elementor-element-2dd19d9 elementor-widget elementor-widget-text-editor\" data-id=\"2dd19d9\" data-element_type=\"widget\" data-e-type=\"widget\" data-widget_type=\"text-editor.default\">\n\t\t\t\t<div class=\"elementor-widget-container\">\n\t\t\t\t\t\t\t\t\t<p>Je suis \u00e0 votre \u00e9coute pour vous renseigner ou pour r\u00e9aliser un devis personnalis\u00e9 qui s&rsquo;adaptera \u00e0 vos envies.<\/p>\t\t\t\t\t\t\t\t<\/div>\n\t\t\t\t<\/div>\n\t\t\t\t<div class=\"elementor-element elementor-element-03769f5 elementor-align-center elementor-widget elementor-widget-button\" data-id=\"03769f5\" data-element_type=\"widget\" data-e-type=\"widget\" data-widget_type=\"button.default\">\n\t\t\t\t<div class=\"elementor-widget-container\">\n\t\t\t\t\t\t\t\t\t<div class=\"elementor-button-wrapper\">\n\t\t\t\t\t<a class=\"elementor-button elementor-button-link elementor-size-lg\" href=\"https:\/\/lefougascon.com\/index.php\/contact\/\">\n\t\t\t\t\t\t<span class=\"elementor-button-content-wrapper\">\n\t\t\t\t\t\t\t\t\t<span class=\"elementor-button-text\">contact<\/span>\n\t\t\t\t\t<\/span>\n\t\t\t\t\t<\/a>\n\t\t\t\t<\/div>\n\t\t\t\t\t\t\t\t<\/div>\n\t\t\t\t<\/div>\n\t\t\t\t\t<\/div>\n\t\t<\/div>\n\t\t\t\t\t<\/div>\n\t\t<\/section>\n\t\t\t\t<\/div>\n\t\t","protected":false},"excerpt":{"rendered":"<p>Nappage &amp; serviettes Le Fou Gascon vous propose la location de nappes et de serviettes de table de haute qualit\u00e9 pour sublimer tous vos \u00e9v\u00e9nements, qu\u2019ils soient priv\u00e9s ou professionnels. Nos textiles, 100 % coton et certifi\u00e9s made in France, allient \u00e9l\u00e9gance et savoir-faire pour une touche raffin\u00e9e et authentique \u00e0 votre table. Nappe 295cm [&hellip;]<\/p>\n","protected":false},"author":1,"featured_media":0,"parent":0,"menu_order":0,"comment_status":"closed","ping_status":"closed","template":"","meta":{"site-sidebar-layout":"no-sidebar","site-content-layout":null,"ast-site-content-layout":"full-width-container","site-content-style":"unboxed","site-sidebar-style":"unboxed","ast-global-header-display":"","ast-banner-title-visibility":"","ast-main-header-display":"","ast-hfb-above-header-display":"","ast-hfb-below-header-display":null,"ast-hfb-mobile-header-display":"","site-post-title":"disabled","ast-breadcrumbs-content":null,"ast-featured-img":"disabled","footer-sml-layout":"","ast-disable-related-posts":"","theme-transparent-header-meta":"","adv-header-id-meta":"","stick-header-meta":"","header-above-stick-meta":"","header-main-stick-meta":"","header-below-stick-meta":null,"astra-migrate-meta-layouts":"set","ast-page-background-enabled":"default","ast-page-background-meta":{"desktop":{"background-color":"","background-image":"","background-repeat":"repeat","background-position":"center center","background-size":"auto","background-attachment":"scroll","background-type":"","background-media":"","overlay-type":"","overlay-color":"","overlay-opacity":"","overlay-gradient":""},"tablet":{"background-color":"","background-image":"","background-repeat":"repeat","background-position":"center center","background-size":"auto","background-attachment":"scroll","background-type":"","background-media":"","overlay-type":"","overlay-color":"","overlay-opacity":"","overlay-gradient":""},"mobile":{"background-color":"","background-image":"","background-repeat":"repeat","background-position":"center center","background-size":"auto","background-attachment":"scroll","background-type":"","background-media":"","overlay-type":"","overlay-color":"","overlay-opacity":"","overlay-gradient":""}},"ast-content-background-meta":{"desktop":{"background-color":"var(--ast-global-color-5)","background-image":"","background-repeat":"repeat","background-position":"center center","background-size":"auto","background-attachment":"scroll","background-type":"","background-media":"","overlay-type":"","overlay-color":"","overlay-opacity":"","overlay-gradient":""},"tablet":{"background-color":"var(--ast-global-color-5)","background-image":"","background-repeat":"repeat","background-position":"center center","background-size":"auto","background-attachment":"scroll","background-type":"","background-media":"","overlay-type":"","overlay-color":"","overlay-opacity":"","overlay-gradient":""},"mobile":{"background-color":"var(--ast-global-color-5)","background-image":"","background-repeat":"repeat","background-position":"center center","background-size":"auto","background-attachment":"scroll","background-type":"","background-media":"","overlay-type":"","overlay-color":"","overlay-opacity":"","overlay-gradient":""}},"footnotes":""},"class_list":["post-2188","page","type-page","status-publish","hentry"],"yoast_head":"<!-- This site is optimized with the Yoast SEO plugin v27.3 - https:\/\/yoast.com\/product\/yoast-seo-wordpress\/ -->\n<title>Buanderie - LE FOU GASCON<\/title>\n<meta name=\"robots\" content=\"index, follow, max-snippet:-1, max-image-preview:large, max-video-preview:-1\" \/>\n<link rel=\"canonical\" href=\"https:\/\/lefougascon.com\/?page_id=2188\" \/>\n<meta property=\"og:locale\" content=\"fr_FR\" \/>\n<meta property=\"og:type\" content=\"article\" \/>\n<meta property=\"og:title\" content=\"Buanderie - LE FOU GASCON\" \/>\n<meta property=\"og:description\" content=\"Nappage &amp; serviettes Le Fou Gascon vous propose la location de nappes et de serviettes de table de haute qualit\u00e9 pour sublimer tous vos \u00e9v\u00e9nements, qu\u2019ils soient priv\u00e9s ou professionnels. Nos textiles, 100 % coton et certifi\u00e9s made in France, allient \u00e9l\u00e9gance et savoir-faire pour une touche raffin\u00e9e et authentique \u00e0 votre table. Nappe 295cm [&hellip;]\" \/>\n<meta property=\"og:url\" content=\"https:\/\/lefougascon.com\/?page_id=2188\" \/>\n<meta property=\"og:site_name\" content=\"LE FOU GASCON\" \/>\n<meta property=\"article:publisher\" content=\"https:\/\/www.facebook.com\/lefougascon\/\" \/>\n<meta property=\"article:modified_time\" content=\"2026-03-11T16:18:06+00:00\" \/>\n<meta name=\"twitter:card\" content=\"summary_large_image\" \/>\n<meta name=\"twitter:label1\" content=\"Dur\u00e9e de lecture estim\u00e9e\" \/>\n\t<meta name=\"twitter:data1\" content=\"1 minute\" \/>\n<script type=\"application\/ld+json\" class=\"yoast-schema-graph\">{\"@context\":\"https:\\\/\\\/schema.org\",\"@graph\":[{\"@type\":\"WebPage\",\"@id\":\"https:\\\/\\\/lefougascon.com\\\/?page_id=2188\",\"url\":\"https:\\\/\\\/lefougascon.com\\\/?page_id=2188\",\"name\":\"Buanderie - LE FOU GASCON\",\"isPartOf\":{\"@id\":\"https:\\\/\\\/lefougascon.com\\\/#website\"},\"datePublished\":\"2024-03-15T16:28:55+00:00\",\"dateModified\":\"2026-03-11T16:18:06+00:00\",\"breadcrumb\":{\"@id\":\"https:\\\/\\\/lefougascon.com\\\/?page_id=2188#breadcrumb\"},\"inLanguage\":\"fr-FR\",\"potentialAction\":[{\"@type\":\"ReadAction\",\"target\":[\"https:\\\/\\\/lefougascon.com\\\/?page_id=2188\"]}]},{\"@type\":\"BreadcrumbList\",\"@id\":\"https:\\\/\\\/lefougascon.com\\\/?page_id=2188#breadcrumb\",\"itemListElement\":[{\"@type\":\"ListItem\",\"position\":1,\"name\":\"Accueil\",\"item\":\"https:\\\/\\\/lefougascon.com\\\/\"},{\"@type\":\"ListItem\",\"position\":2,\"name\":\"Buanderie\"}]},{\"@type\":\"WebSite\",\"@id\":\"https:\\\/\\\/lefougascon.com\\\/#website\",\"url\":\"https:\\\/\\\/lefougascon.com\\\/\",\"name\":\"LE FOU GASCON\",\"description\":\"Traiteur \u00e9v\u00e9nementiel  Salle de r\u00e9ception en Gascogne\",\"publisher\":{\"@id\":\"https:\\\/\\\/lefougascon.com\\\/#organization\"},\"potentialAction\":[{\"@type\":\"SearchAction\",\"target\":{\"@type\":\"EntryPoint\",\"urlTemplate\":\"https:\\\/\\\/lefougascon.com\\\/?s={search_term_string}\"},\"query-input\":{\"@type\":\"PropertyValueSpecification\",\"valueRequired\":true,\"valueName\":\"search_term_string\"}}],\"inLanguage\":\"fr-FR\"},{\"@type\":\"Organization\",\"@id\":\"https:\\\/\\\/lefougascon.com\\\/#organization\",\"name\":\"LE FOU GASCON\",\"url\":\"https:\\\/\\\/lefougascon.com\\\/\",\"logo\":{\"@type\":\"ImageObject\",\"inLanguage\":\"fr-FR\",\"@id\":\"https:\\\/\\\/lefougascon.com\\\/#\\\/schema\\\/logo\\\/image\\\/\",\"url\":\"https:\\\/\\\/lefougascon.com\\\/wp-content\\\/uploads\\\/2022\\\/03\\\/logos_fougascon_new2022-general.png\",\"contentUrl\":\"https:\\\/\\\/lefougascon.com\\\/wp-content\\\/uploads\\\/2022\\\/03\\\/logos_fougascon_new2022-general.png\",\"width\":1473,\"height\":841,\"caption\":\"LE FOU GASCON\"},\"image\":{\"@id\":\"https:\\\/\\\/lefougascon.com\\\/#\\\/schema\\\/logo\\\/image\\\/\"},\"sameAs\":[\"https:\\\/\\\/www.facebook.com\\\/lefougascon\\\/\",\"https:\\\/\\\/www.instagram.com\\\/lefougascon\\\/?hl=fr\"]}]}<\/script>\n<!-- \/ Yoast SEO plugin. -->","yoast_head_json":{"title":"Buanderie - LE FOU GASCON","robots":{"index":"index","follow":"follow","max-snippet":"max-snippet:-1","max-image-preview":"max-image-preview:large","max-video-preview":"max-video-preview:-1"},"canonical":"https:\/\/lefougascon.com\/?page_id=2188","og_locale":"fr_FR","og_type":"article","og_title":"Buanderie - LE FOU GASCON","og_description":"Nappage &amp; serviettes Le Fou Gascon vous propose la location de nappes et de serviettes de table de haute qualit\u00e9 pour sublimer tous vos \u00e9v\u00e9nements, qu\u2019ils soient priv\u00e9s ou professionnels. Nos textiles, 100 % coton et certifi\u00e9s made in France, allient \u00e9l\u00e9gance et savoir-faire pour une touche raffin\u00e9e et authentique \u00e0 votre table. Nappe 295cm [&hellip;]","og_url":"https:\/\/lefougascon.com\/?page_id=2188","og_site_name":"LE FOU GASCON","article_publisher":"https:\/\/www.facebook.com\/lefougascon\/","article_modified_time":"2026-03-11T16:18:06+00:00","twitter_card":"summary_large_image","twitter_misc":{"Dur\u00e9e de lecture estim\u00e9e":"1 minute"},"schema":{"@context":"https:\/\/schema.org","@graph":[{"@type":"WebPage","@id":"https:\/\/lefougascon.com\/?page_id=2188","url":"https:\/\/lefougascon.com\/?page_id=2188","name":"Buanderie - LE FOU GASCON","isPartOf":{"@id":"https:\/\/lefougascon.com\/#website"},"datePublished":"2024-03-15T16:28:55+00:00","dateModified":"2026-03-11T16:18:06+00:00","breadcrumb":{"@id":"https:\/\/lefougascon.com\/?page_id=2188#breadcrumb"},"inLanguage":"fr-FR","potentialAction":[{"@type":"ReadAction","target":["https:\/\/lefougascon.com\/?page_id=2188"]}]},{"@type":"BreadcrumbList","@id":"https:\/\/lefougascon.com\/?page_id=2188#breadcrumb","itemListElement":[{"@type":"ListItem","position":1,"name":"Accueil","item":"https:\/\/lefougascon.com\/"},{"@type":"ListItem","position":2,"name":"Buanderie"}]},{"@type":"WebSite","@id":"https:\/\/lefougascon.com\/#website","url":"https:\/\/lefougascon.com\/","name":"LE FOU GASCON","description":"Traiteur \u00e9v\u00e9nementiel  Salle de r\u00e9ception en Gascogne","publisher":{"@id":"https:\/\/lefougascon.com\/#organization"},"potentialAction":[{"@type":"SearchAction","target":{"@type":"EntryPoint","urlTemplate":"https:\/\/lefougascon.com\/?s={search_term_string}"},"query-input":{"@type":"PropertyValueSpecification","valueRequired":true,"valueName":"search_term_string"}}],"inLanguage":"fr-FR"},{"@type":"Organization","@id":"https:\/\/lefougascon.com\/#organization","name":"LE FOU GASCON","url":"https:\/\/lefougascon.com\/","logo":{"@type":"ImageObject","inLanguage":"fr-FR","@id":"https:\/\/lefougascon.com\/#\/schema\/logo\/image\/","url":"https:\/\/lefougascon.com\/wp-content\/uploads\/2022\/03\/logos_fougascon_new2022-general.png","contentUrl":"https:\/\/lefougascon.com\/wp-content\/uploads\/2022\/03\/logos_fougascon_new2022-general.png","width":1473,"height":841,"caption":"LE FOU GASCON"},"image":{"@id":"https:\/\/lefougascon.com\/#\/schema\/logo\/image\/"},"sameAs":["https:\/\/www.facebook.com\/lefougascon\/","https:\/\/www.instagram.com\/lefougascon\/?hl=fr"]}]}},"_links":{"self":[{"href":"https:\/\/lefougascon.com\/index.php?rest_route=\/wp\/v2\/pages\/2188","targetHints":{"allow":["GET"]}}],"collection":[{"href":"https:\/\/lefougascon.com\/index.php?rest_route=\/wp\/v2\/pages"}],"about":[{"href":"https:\/\/lefougascon.com\/index.php?rest_route=\/wp\/v2\/types\/page"}],"author":[{"embeddable":true,"href":"https:\/\/lefougascon.com\/index.php?rest_route=\/wp\/v2\/users\/1"}],"replies":[{"embeddable":true,"href":"https:\/\/lefougascon.com\/index.php?rest_route=%2Fwp%2Fv2%2Fcomments&post=2188"}],"version-history":[{"count":26,"href":"https:\/\/lefougascon.com\/index.php?rest_route=\/wp\/v2\/pages\/2188\/revisions"}],"predecessor-version":[{"id":3419,"href":"https:\/\/lefougascon.com\/index.php?rest_route=\/wp\/v2\/pages\/2188\/revisions\/3419"}],"wp:attachment":[{"href":"https:\/\/lefougascon.com\/index.php?rest_route=%2Fwp%2Fv2%2Fmedia&parent=2188"}],"curies":[{"name":"wp","href":"https:\/\/api.w.org\/{rel}","templated":true}]}}