{"id":2533,"date":"2025-01-23T17:52:58","date_gmt":"2025-01-23T16:52:58","guid":{"rendered":"https:\/\/lefougascon.com\/?page_id=2533"},"modified":"2026-04-03T11:45:22","modified_gmt":"2026-04-03T09:45:22","slug":"hebergements","status":"publish","type":"page","link":"https:\/\/lefougascon.com\/?page_id=2533","title":{"rendered":"H\u00e9bergements"},"content":{"rendered":"\t\t<div data-elementor-type=\"wp-page\" data-elementor-id=\"2533\" class=\"elementor elementor-2533\" data-elementor-post-type=\"page\">\n\t\t\t\t\t\t<section class=\"elementor-section elementor-top-section elementor-element elementor-element-f08b22c elementor-section-boxed elementor-section-height-default elementor-section-height-default\" data-id=\"f08b22c\" data-element_type=\"section\" data-e-type=\"section\" data-settings=\"{&quot;background_background&quot;:&quot;classic&quot;}\">\n\t\t\t\t\t\t\t<div class=\"elementor-background-overlay\"><\/div>\n\t\t\t\t\t\t\t<div class=\"elementor-container elementor-column-gap-default\">\n\t\t\t\t\t<div class=\"elementor-column elementor-col-100 elementor-top-column elementor-element elementor-element-feeb7d7\" data-id=\"feeb7d7\" data-element_type=\"column\" data-e-type=\"column\">\n\t\t\t<div class=\"elementor-widget-wrap elementor-element-populated\">\n\t\t\t\t\t\t<div class=\"elementor-element elementor-element-0e6eb80 elementor-widget elementor-widget-image\" data-id=\"0e6eb80\" data-element_type=\"widget\" data-e-type=\"widget\" data-widget_type=\"image.default\">\n\t\t\t\t<div class=\"elementor-widget-container\">\n\t\t\t\t\t\t\t\t\t\t\t\t\t\t\t<img fetchpriority=\"high\" decoding=\"async\" width=\"500\" height=\"500\" src=\"https:\/\/lefougascon.com\/wp-content\/uploads\/2025\/01\/Hebergements-removebg-preview.png\" class=\"attachment-large size-large wp-image-2517\" alt=\"\" srcset=\"https:\/\/lefougascon.com\/wp-content\/uploads\/2025\/01\/Hebergements-removebg-preview.png 500w, https:\/\/lefougascon.com\/wp-content\/uploads\/2025\/01\/Hebergements-removebg-preview-300x300.png 300w, https:\/\/lefougascon.com\/wp-content\/uploads\/2025\/01\/Hebergements-removebg-preview-150x150.png 150w\" sizes=\"(max-width: 500px) 100vw, 500px\" \/>\t\t\t\t\t\t\t\t\t\t\t\t\t\t\t<\/div>\n\t\t\t\t<\/div>\n\t\t\t\t\t<\/div>\n\t\t<\/div>\n\t\t\t\t\t<\/div>\n\t\t<\/section>\n\t\t\t\t<section class=\"elementor-section elementor-top-section elementor-element elementor-element-b0e3de4 elementor-section-content-middle elementor-section-boxed elementor-section-height-default elementor-section-height-default\" data-id=\"b0e3de4\" data-element_type=\"section\" data-e-type=\"section\" data-settings=\"{&quot;background_background&quot;:&quot;classic&quot;}\">\n\t\t\t\t\t\t\t<div class=\"elementor-background-overlay\"><\/div>\n\t\t\t\t\t\t\t<div class=\"elementor-container elementor-column-gap-no\">\n\t\t\t\t\t<div class=\"elementor-column elementor-col-100 elementor-top-column elementor-element elementor-element-249079d\" data-id=\"249079d\" data-element_type=\"column\" data-e-type=\"column\">\n\t\t\t<div class=\"elementor-widget-wrap elementor-element-populated\">\n\t\t\t\t\t\t<section class=\"elementor-section elementor-inner-section elementor-element elementor-element-2d7ed9f elementor-section-full_width elementor-section-height-default elementor-section-height-default\" data-id=\"2d7ed9f\" data-element_type=\"section\" data-e-type=\"section\">\n\t\t\t\t\t\t<div class=\"elementor-container elementor-column-gap-default\">\n\t\t\t\t\t<div class=\"elementor-column elementor-col-50 elementor-inner-column elementor-element elementor-element-efa3c04 elementor-invisible\" data-id=\"efa3c04\" data-element_type=\"column\" data-e-type=\"column\" data-settings=\"{&quot;background_background&quot;:&quot;classic&quot;,&quot;background_motion_fx_motion_fx_scrolling&quot;:&quot;yes&quot;,&quot;background_motion_fx_scale_effect&quot;:&quot;yes&quot;,&quot;animation&quot;:&quot;fadeIn&quot;,&quot;background_motion_fx_scale_direction&quot;:&quot;out-in&quot;,&quot;background_motion_fx_scale_speed&quot;:{&quot;unit&quot;:&quot;px&quot;,&quot;size&quot;:4,&quot;sizes&quot;:[]},&quot;background_motion_fx_scale_range&quot;:{&quot;unit&quot;:&quot;%&quot;,&quot;size&quot;:&quot;&quot;,&quot;sizes&quot;:{&quot;start&quot;:20,&quot;end&quot;:80}},&quot;background_motion_fx_devices&quot;:[&quot;desktop&quot;,&quot;tablet&quot;,&quot;mobile&quot;]}\">\n\t\t\t<div class=\"elementor-widget-wrap elementor-element-populated\">\n\t\t\t\t\t<div class=\"elementor-background-overlay\"><\/div>\n\t\t\t\t\t\t<div class=\"elementor-element elementor-element-c98da8d elementor-widget elementor-widget-icon-box\" data-id=\"c98da8d\" data-element_type=\"widget\" data-e-type=\"widget\" data-widget_type=\"icon-box.default\">\n\t\t\t\t<div class=\"elementor-widget-container\">\n\t\t\t\t\t\t\t<div class=\"elementor-icon-box-wrapper\">\n\n\t\t\t\n\t\t\t\t\t\t<div class=\"elementor-icon-box-content\">\n\n\t\t\t\t\t\t\t\t\t<h3 class=\"elementor-icon-box-title\">\n\t\t\t\t\t\t<span  >\n\t\t\t\t\t\t\tNos h\u00e9bergements\t\t\t\t\t\t<\/span>\n\t\t\t\t\t<\/h3>\n\t\t\t\t\n\t\t\t\t\t\t\t\t\t<p class=\"elementor-icon-box-description\">\n\t\t\t\t\t\tUn espace glamping unique, directement au Domaine.\t\t\t\t\t<\/p>\n\t\t\t\t\n\t\t\t<\/div>\n\t\t\t\n\t\t<\/div>\n\t\t\t\t\t\t<\/div>\n\t\t\t\t<\/div>\n\t\t\t\t<div class=\"elementor-element elementor-element-2b53435 elementor-align-left elementor-widget elementor-widget-button\" data-id=\"2b53435\" data-element_type=\"widget\" data-e-type=\"widget\" data-widget_type=\"button.default\">\n\t\t\t\t<div class=\"elementor-widget-container\">\n\t\t\t\t\t\t\t\t\t<div class=\"elementor-button-wrapper\">\n\t\t\t\t\t<a class=\"elementor-button elementor-button-link elementor-size-lg\" href=\"https:\/\/lefougascon.com\/index.php\/nos-hebergements\/\">\n\t\t\t\t\t\t<span class=\"elementor-button-content-wrapper\">\n\t\t\t\t\t\t\t\t\t<span class=\"elementor-button-text\">en savoir plus<\/span>\n\t\t\t\t\t<\/span>\n\t\t\t\t\t<\/a>\n\t\t\t\t<\/div>\n\t\t\t\t\t\t\t\t<\/div>\n\t\t\t\t<\/div>\n\t\t\t\t\t<\/div>\n\t\t<\/div>\n\t\t\t\t<div class=\"elementor-column elementor-col-50 elementor-inner-column elementor-element elementor-element-397fd9b elementor-invisible\" data-id=\"397fd9b\" data-element_type=\"column\" data-e-type=\"column\" data-settings=\"{&quot;background_background&quot;:&quot;classic&quot;,&quot;background_motion_fx_motion_fx_scrolling&quot;:&quot;yes&quot;,&quot;background_motion_fx_scale_effect&quot;:&quot;yes&quot;,&quot;animation&quot;:&quot;fadeIn&quot;,&quot;background_motion_fx_scale_direction&quot;:&quot;out-in&quot;,&quot;background_motion_fx_scale_speed&quot;:{&quot;unit&quot;:&quot;px&quot;,&quot;size&quot;:4,&quot;sizes&quot;:[]},&quot;background_motion_fx_scale_range&quot;:{&quot;unit&quot;:&quot;%&quot;,&quot;size&quot;:&quot;&quot;,&quot;sizes&quot;:{&quot;start&quot;:20,&quot;end&quot;:80}},&quot;background_motion_fx_devices&quot;:[&quot;desktop&quot;,&quot;tablet&quot;,&quot;mobile&quot;]}\">\n\t\t\t<div class=\"elementor-widget-wrap elementor-element-populated\">\n\t\t\t\t\t<div class=\"elementor-background-overlay\"><\/div>\n\t\t\t\t\t\t<div class=\"elementor-element elementor-element-b0ece34 elementor-widget elementor-widget-icon-box\" data-id=\"b0ece34\" data-element_type=\"widget\" data-e-type=\"widget\" data-widget_type=\"icon-box.default\">\n\t\t\t\t<div class=\"elementor-widget-container\">\n\t\t\t\t\t\t\t<div class=\"elementor-icon-box-wrapper\">\n\n\t\t\t\n\t\t\t\t\t\t<div class=\"elementor-icon-box-content\">\n\n\t\t\t\t\t\t\t\t\t<h3 class=\"elementor-icon-box-title\">\n\t\t\t\t\t\t<span  >\n\t\t\t\t\t\t\tH\u00e9bergements \u00e0 proximit\u00e9\t\t\t\t\t\t<\/span>\n\t\t\t\t\t<\/h3>\n\t\t\t\t\n\t\t\t\t\t\t\t\t\t<p class=\"elementor-icon-box-description\">\n\t\t\t\t\t\tUne s\u00e9lection d'h\u00e9bergements partenaires \u00e0 proximit\u00e9 du Domaine.\t\t\t\t\t<\/p>\n\t\t\t\t\n\t\t\t<\/div>\n\t\t\t\n\t\t<\/div>\n\t\t\t\t\t\t<\/div>\n\t\t\t\t<\/div>\n\t\t\t\t<div class=\"elementor-element elementor-element-a8f7944 elementor-align-left elementor-widget elementor-widget-button\" data-id=\"a8f7944\" data-element_type=\"widget\" data-e-type=\"widget\" data-widget_type=\"button.default\">\n\t\t\t\t<div class=\"elementor-widget-container\">\n\t\t\t\t\t\t\t\t\t<div class=\"elementor-button-wrapper\">\n\t\t\t\t\t<a class=\"elementor-button elementor-button-link elementor-size-lg\" href=\"https:\/\/lefougascon.com\/index.php\/hebergements-a-proximite\/\">\n\t\t\t\t\t\t<span class=\"elementor-button-content-wrapper\">\n\t\t\t\t\t\t\t\t\t<span class=\"elementor-button-text\">en savoir plus<\/span>\n\t\t\t\t\t<\/span>\n\t\t\t\t\t<\/a>\n\t\t\t\t<\/div>\n\t\t\t\t\t\t\t\t<\/div>\n\t\t\t\t<\/div>\n\t\t\t\t\t<\/div>\n\t\t<\/div>\n\t\t\t\t\t<\/div>\n\t\t<\/section>\n\t\t\t\t\t<\/div>\n\t\t<\/div>\n\t\t\t\t\t<\/div>\n\t\t<\/section>\n\t\t\t\t<section class=\"elementor-section elementor-top-section elementor-element elementor-element-3ba6bdc elementor-section-full_width elementor-section-height-default elementor-section-height-default\" data-id=\"3ba6bdc\" data-element_type=\"section\" data-e-type=\"section\" data-settings=\"{&quot;background_background&quot;:&quot;classic&quot;}\">\n\t\t\t\t\t\t<div class=\"elementor-container elementor-column-gap-default\">\n\t\t\t\t\t<div class=\"elementor-column elementor-col-100 elementor-top-column elementor-element elementor-element-eeebaf0 elementor-invisible\" data-id=\"eeebaf0\" data-element_type=\"column\" data-e-type=\"column\" data-settings=\"{&quot;background_background&quot;:&quot;classic&quot;,&quot;motion_fx_motion_fx_mouse&quot;:&quot;yes&quot;,&quot;animation&quot;:&quot;fadeIn&quot;}\">\n\t\t\t<div class=\"elementor-widget-wrap elementor-element-populated\">\n\t\t\t\t\t\t<div class=\"elementor-element elementor-element-481a571 elementor-widget elementor-widget-heading\" data-id=\"481a571\" data-element_type=\"widget\" data-e-type=\"widget\" data-widget_type=\"heading.default\">\n\t\t\t\t<div class=\"elementor-widget-container\">\n\t\t\t\t\t<h2 class=\"elementor-heading-title elementor-size-default\">DES questions ?<\/h2>\t\t\t\t<\/div>\n\t\t\t\t<\/div>\n\t\t\t\t<div class=\"elementor-element elementor-element-b63eab4 elementor-widget elementor-widget-text-editor\" data-id=\"b63eab4\" data-element_type=\"widget\" data-e-type=\"widget\" data-widget_type=\"text-editor.default\">\n\t\t\t\t<div class=\"elementor-widget-container\">\n\t\t\t\t\t\t\t\t\t<p>Je suis \u00e0 votre \u00e9coute pour vous renseigner ou pour r\u00e9aliser un devis personnalis\u00e9 qui s&rsquo;adaptera \u00e0 vos envies.<\/p>\t\t\t\t\t\t\t\t<\/div>\n\t\t\t\t<\/div>\n\t\t\t\t<div class=\"elementor-element elementor-element-d653774 elementor-align-center elementor-widget elementor-widget-button\" data-id=\"d653774\" data-element_type=\"widget\" data-e-type=\"widget\" data-widget_type=\"button.default\">\n\t\t\t\t<div class=\"elementor-widget-container\">\n\t\t\t\t\t\t\t\t\t<div class=\"elementor-button-wrapper\">\n\t\t\t\t\t<a class=\"elementor-button elementor-button-link elementor-size-lg\" href=\"https:\/\/lefougascon.com\/index.php\/contact\/\">\n\t\t\t\t\t\t<span class=\"elementor-button-content-wrapper\">\n\t\t\t\t\t\t\t\t\t<span class=\"elementor-button-text\">contact<\/span>\n\t\t\t\t\t<\/span>\n\t\t\t\t\t<\/a>\n\t\t\t\t<\/div>\n\t\t\t\t\t\t\t\t<\/div>\n\t\t\t\t<\/div>\n\t\t\t\t\t<\/div>\n\t\t<\/div>\n\t\t\t\t\t<\/div>\n\t\t<\/section>\n\t\t\t\t<\/div>\n\t\t","protected":false},"excerpt":{"rendered":"<p>Nos h\u00e9bergements Un espace glamping unique, directement au Domaine. en savoir plus H\u00e9bergements \u00e0 proximit\u00e9 Une s\u00e9lection d&rsquo;h\u00e9bergements partenaires \u00e0 proximit\u00e9 du Domaine. en savoir plus DES questions ? Je suis \u00e0 votre \u00e9coute pour vous renseigner ou pour r\u00e9aliser un devis personnalis\u00e9 qui s&rsquo;adaptera \u00e0 vos envies. contact<\/p>\n","protected":false},"author":1,"featured_media":0,"parent":0,"menu_order":0,"comment_status":"closed","ping_status":"closed","template":"","meta":{"site-sidebar-layout":"no-sidebar","site-content-layout":"page-builder","ast-site-content-layout":"full-width-container","site-content-style":"unboxed","site-sidebar-style":"unboxed","ast-global-header-display":"","ast-banner-title-visibility":"","ast-main-header-display":"","ast-hfb-above-header-display":"","ast-hfb-below-header-display":null,"ast-hfb-mobile-header-display":"","site-post-title":"disabled","ast-breadcrumbs-content":null,"ast-featured-img":"disabled","footer-sml-layout":"","ast-disable-related-posts":"","theme-transparent-header-meta":"","adv-header-id-meta":"","stick-header-meta":"","header-above-stick-meta":"","header-main-stick-meta":"","header-below-stick-meta":null,"astra-migrate-meta-layouts":"set","ast-page-background-enabled":"default","ast-page-background-meta":{"desktop":{"background-color":"","background-image":"","background-repeat":"repeat","background-position":"center center","background-size":"auto","background-attachment":"scroll","background-type":"","background-media":"","overlay-type":"","overlay-color":"","overlay-gradient":""},"tablet":{"background-color":"","background-image":"","background-repeat":"repeat","background-position":"center center","background-size":"auto","background-attachment":"scroll","background-type":"","background-media":"","overlay-type":"","overlay-color":"","overlay-gradient":""},"mobile":{"background-color":"","background-image":"","background-repeat":"repeat","background-position":"center center","background-size":"auto","background-attachment":"scroll","background-type":"","background-media":"","overlay-type":"","overlay-color":"","overlay-gradient":""}},"ast-content-background-meta":{"desktop":{"background-color":"var(--ast-global-color-5)","background-image":"","background-repeat":"repeat","background-position":"center center","background-size":"auto","background-attachment":"scroll","background-type":"","background-media":"","overlay-type":"","overlay-color":"","overlay-gradient":""},"tablet":{"background-color":"var(--ast-global-color-5)","background-image":"","background-repeat":"repeat","background-position":"center center","background-size":"auto","background-attachment":"scroll","background-type":"","background-media":"","overlay-type":"","overlay-color":"","overlay-gradient":""},"mobile":{"background-color":"var(--ast-global-color-5)","background-image":"","background-repeat":"repeat","background-position":"center center","background-size":"auto","background-attachment":"scroll","background-type":"","background-media":"","overlay-type":"","overlay-color":"","overlay-gradient":""}},"footnotes":""},"class_list":["post-2533","page","type-page","status-publish","hentry"],"yoast_head":"<!-- This site is optimized with the Yoast SEO plugin v27.3 - https:\/\/yoast.com\/product\/yoast-seo-wordpress\/ -->\n<title>H\u00e9bergement dans le Gers | Glamping &amp; r\u00e9ception \u2013 Le Fou Gascon<\/title>\n<meta name=\"description\" content=\"S\u00e9journez dans un h\u00e9bergement insolite dans le Gers avec Le Fou Gascon. Glamping ou logement pour \u00e9v\u00e9nements et cadre naturel pour prolonger vos moments uniques.\" \/>\n<meta name=\"robots\" content=\"index, follow, max-snippet:-1, max-image-preview:large, max-video-preview:-1\" \/>\n<link rel=\"canonical\" href=\"https:\/\/lefougascon.com\/?page_id=2533\" \/>\n<meta property=\"og:locale\" content=\"fr_FR\" \/>\n<meta property=\"og:type\" content=\"article\" \/>\n<meta property=\"og:title\" content=\"H\u00e9bergement dans le Gers | Glamping &amp; r\u00e9ception \u2013 Le Fou Gascon\" \/>\n<meta property=\"og:description\" content=\"S\u00e9journez dans un h\u00e9bergement insolite dans le Gers avec Le Fou Gascon. Glamping ou logement pour \u00e9v\u00e9nements et cadre naturel pour prolonger vos moments uniques.\" \/>\n<meta property=\"og:url\" content=\"https:\/\/lefougascon.com\/?page_id=2533\" \/>\n<meta property=\"og:site_name\" content=\"LE FOU GASCON\" \/>\n<meta property=\"article:publisher\" content=\"https:\/\/www.facebook.com\/lefougascon\/\" \/>\n<meta property=\"article:modified_time\" content=\"2026-04-03T09:45:22+00:00\" \/>\n<meta property=\"og:image\" content=\"https:\/\/lefougascon.com\/wp-content\/uploads\/2025\/01\/Hebergements-removebg-preview.png\" \/>\n<meta name=\"twitter:card\" content=\"summary_large_image\" \/>\n<meta name=\"twitter:label1\" content=\"Dur\u00e9e de lecture estim\u00e9e\" \/>\n\t<meta name=\"twitter:data1\" content=\"1 minute\" \/>\n<script type=\"application\/ld+json\" class=\"yoast-schema-graph\">{\"@context\":\"https:\\\/\\\/schema.org\",\"@graph\":[{\"@type\":\"WebPage\",\"@id\":\"https:\\\/\\\/lefougascon.com\\\/?page_id=2533\",\"url\":\"https:\\\/\\\/lefougascon.com\\\/?page_id=2533\",\"name\":\"H\u00e9bergement dans le Gers | Glamping & r\u00e9ception \u2013 Le Fou Gascon\",\"isPartOf\":{\"@id\":\"https:\\\/\\\/lefougascon.com\\\/#website\"},\"primaryImageOfPage\":{\"@id\":\"https:\\\/\\\/lefougascon.com\\\/?page_id=2533#primaryimage\"},\"image\":{\"@id\":\"https:\\\/\\\/lefougascon.com\\\/?page_id=2533#primaryimage\"},\"thumbnailUrl\":\"https:\\\/\\\/lefougascon.com\\\/wp-content\\\/uploads\\\/2025\\\/01\\\/Hebergements-removebg-preview.png\",\"datePublished\":\"2025-01-23T16:52:58+00:00\",\"dateModified\":\"2026-04-03T09:45:22+00:00\",\"description\":\"S\u00e9journez dans un h\u00e9bergement insolite dans le Gers avec Le Fou Gascon. Glamping ou logement pour \u00e9v\u00e9nements et cadre naturel pour prolonger vos moments uniques.\",\"breadcrumb\":{\"@id\":\"https:\\\/\\\/lefougascon.com\\\/?page_id=2533#breadcrumb\"},\"inLanguage\":\"fr-FR\",\"potentialAction\":[{\"@type\":\"ReadAction\",\"target\":[\"https:\\\/\\\/lefougascon.com\\\/?page_id=2533\"]}]},{\"@type\":\"ImageObject\",\"inLanguage\":\"fr-FR\",\"@id\":\"https:\\\/\\\/lefougascon.com\\\/?page_id=2533#primaryimage\",\"url\":\"https:\\\/\\\/lefougascon.com\\\/wp-content\\\/uploads\\\/2025\\\/01\\\/Hebergements-removebg-preview.png\",\"contentUrl\":\"https:\\\/\\\/lefougascon.com\\\/wp-content\\\/uploads\\\/2025\\\/01\\\/Hebergements-removebg-preview.png\",\"width\":500,\"height\":500},{\"@type\":\"BreadcrumbList\",\"@id\":\"https:\\\/\\\/lefougascon.com\\\/?page_id=2533#breadcrumb\",\"itemListElement\":[{\"@type\":\"ListItem\",\"position\":1,\"name\":\"Accueil\",\"item\":\"https:\\\/\\\/lefougascon.com\\\/\"},{\"@type\":\"ListItem\",\"position\":2,\"name\":\"H\u00e9bergements\"}]},{\"@type\":\"WebSite\",\"@id\":\"https:\\\/\\\/lefougascon.com\\\/#website\",\"url\":\"https:\\\/\\\/lefougascon.com\\\/\",\"name\":\"LE FOU GASCON\",\"description\":\"Traiteur \u00e9v\u00e9nementiel  Salle de r\u00e9ception en Gascogne\",\"publisher\":{\"@id\":\"https:\\\/\\\/lefougascon.com\\\/#organization\"},\"potentialAction\":[{\"@type\":\"SearchAction\",\"target\":{\"@type\":\"EntryPoint\",\"urlTemplate\":\"https:\\\/\\\/lefougascon.com\\\/?s={search_term_string}\"},\"query-input\":{\"@type\":\"PropertyValueSpecification\",\"valueRequired\":true,\"valueName\":\"search_term_string\"}}],\"inLanguage\":\"fr-FR\"},{\"@type\":\"Organization\",\"@id\":\"https:\\\/\\\/lefougascon.com\\\/#organization\",\"name\":\"LE FOU GASCON\",\"url\":\"https:\\\/\\\/lefougascon.com\\\/\",\"logo\":{\"@type\":\"ImageObject\",\"inLanguage\":\"fr-FR\",\"@id\":\"https:\\\/\\\/lefougascon.com\\\/#\\\/schema\\\/logo\\\/image\\\/\",\"url\":\"https:\\\/\\\/lefougascon.com\\\/wp-content\\\/uploads\\\/2022\\\/03\\\/logos_fougascon_new2022-general.png\",\"contentUrl\":\"https:\\\/\\\/lefougascon.com\\\/wp-content\\\/uploads\\\/2022\\\/03\\\/logos_fougascon_new2022-general.png\",\"width\":1473,\"height\":841,\"caption\":\"LE FOU GASCON\"},\"image\":{\"@id\":\"https:\\\/\\\/lefougascon.com\\\/#\\\/schema\\\/logo\\\/image\\\/\"},\"sameAs\":[\"https:\\\/\\\/www.facebook.com\\\/lefougascon\\\/\",\"https:\\\/\\\/www.instagram.com\\\/lefougascon\\\/?hl=fr\"]}]}<\/script>\n<!-- \/ Yoast SEO plugin. -->","yoast_head_json":{"title":"H\u00e9bergement dans le Gers | Glamping & r\u00e9ception \u2013 Le Fou Gascon","description":"S\u00e9journez dans un h\u00e9bergement insolite dans le Gers avec Le Fou Gascon. Glamping ou logement pour \u00e9v\u00e9nements et cadre naturel pour prolonger vos moments uniques.","robots":{"index":"index","follow":"follow","max-snippet":"max-snippet:-1","max-image-preview":"max-image-preview:large","max-video-preview":"max-video-preview:-1"},"canonical":"https:\/\/lefougascon.com\/?page_id=2533","og_locale":"fr_FR","og_type":"article","og_title":"H\u00e9bergement dans le Gers | Glamping & r\u00e9ception \u2013 Le Fou Gascon","og_description":"S\u00e9journez dans un h\u00e9bergement insolite dans le Gers avec Le Fou Gascon. Glamping ou logement pour \u00e9v\u00e9nements et cadre naturel pour prolonger vos moments uniques.","og_url":"https:\/\/lefougascon.com\/?page_id=2533","og_site_name":"LE FOU GASCON","article_publisher":"https:\/\/www.facebook.com\/lefougascon\/","article_modified_time":"2026-04-03T09:45:22+00:00","og_image":[{"url":"https:\/\/lefougascon.com\/wp-content\/uploads\/2025\/01\/Hebergements-removebg-preview.png","type":"","width":"","height":""}],"twitter_card":"summary_large_image","twitter_misc":{"Dur\u00e9e de lecture estim\u00e9e":"1 minute"},"schema":{"@context":"https:\/\/schema.org","@graph":[{"@type":"WebPage","@id":"https:\/\/lefougascon.com\/?page_id=2533","url":"https:\/\/lefougascon.com\/?page_id=2533","name":"H\u00e9bergement dans le Gers | Glamping & r\u00e9ception \u2013 Le Fou Gascon","isPartOf":{"@id":"https:\/\/lefougascon.com\/#website"},"primaryImageOfPage":{"@id":"https:\/\/lefougascon.com\/?page_id=2533#primaryimage"},"image":{"@id":"https:\/\/lefougascon.com\/?page_id=2533#primaryimage"},"thumbnailUrl":"https:\/\/lefougascon.com\/wp-content\/uploads\/2025\/01\/Hebergements-removebg-preview.png","datePublished":"2025-01-23T16:52:58+00:00","dateModified":"2026-04-03T09:45:22+00:00","description":"S\u00e9journez dans un h\u00e9bergement insolite dans le Gers avec Le Fou Gascon. Glamping ou logement pour \u00e9v\u00e9nements et cadre naturel pour prolonger vos moments uniques.","breadcrumb":{"@id":"https:\/\/lefougascon.com\/?page_id=2533#breadcrumb"},"inLanguage":"fr-FR","potentialAction":[{"@type":"ReadAction","target":["https:\/\/lefougascon.com\/?page_id=2533"]}]},{"@type":"ImageObject","inLanguage":"fr-FR","@id":"https:\/\/lefougascon.com\/?page_id=2533#primaryimage","url":"https:\/\/lefougascon.com\/wp-content\/uploads\/2025\/01\/Hebergements-removebg-preview.png","contentUrl":"https:\/\/lefougascon.com\/wp-content\/uploads\/2025\/01\/Hebergements-removebg-preview.png","width":500,"height":500},{"@type":"BreadcrumbList","@id":"https:\/\/lefougascon.com\/?page_id=2533#breadcrumb","itemListElement":[{"@type":"ListItem","position":1,"name":"Accueil","item":"https:\/\/lefougascon.com\/"},{"@type":"ListItem","position":2,"name":"H\u00e9bergements"}]},{"@type":"WebSite","@id":"https:\/\/lefougascon.com\/#website","url":"https:\/\/lefougascon.com\/","name":"LE FOU GASCON","description":"Traiteur \u00e9v\u00e9nementiel  Salle de r\u00e9ception en Gascogne","publisher":{"@id":"https:\/\/lefougascon.com\/#organization"},"potentialAction":[{"@type":"SearchAction","target":{"@type":"EntryPoint","urlTemplate":"https:\/\/lefougascon.com\/?s={search_term_string}"},"query-input":{"@type":"PropertyValueSpecification","valueRequired":true,"valueName":"search_term_string"}}],"inLanguage":"fr-FR"},{"@type":"Organization","@id":"https:\/\/lefougascon.com\/#organization","name":"LE FOU GASCON","url":"https:\/\/lefougascon.com\/","logo":{"@type":"ImageObject","inLanguage":"fr-FR","@id":"https:\/\/lefougascon.com\/#\/schema\/logo\/image\/","url":"https:\/\/lefougascon.com\/wp-content\/uploads\/2022\/03\/logos_fougascon_new2022-general.png","contentUrl":"https:\/\/lefougascon.com\/wp-content\/uploads\/2022\/03\/logos_fougascon_new2022-general.png","width":1473,"height":841,"caption":"LE FOU GASCON"},"image":{"@id":"https:\/\/lefougascon.com\/#\/schema\/logo\/image\/"},"sameAs":["https:\/\/www.facebook.com\/lefougascon\/","https:\/\/www.instagram.com\/lefougascon\/?hl=fr"]}]}},"_links":{"self":[{"href":"https:\/\/lefougascon.com\/index.php?rest_route=\/wp\/v2\/pages\/2533","targetHints":{"allow":["GET"]}}],"collection":[{"href":"https:\/\/lefougascon.com\/index.php?rest_route=\/wp\/v2\/pages"}],"about":[{"href":"https:\/\/lefougascon.com\/index.php?rest_route=\/wp\/v2\/types\/page"}],"author":[{"embeddable":true,"href":"https:\/\/lefougascon.com\/index.php?rest_route=\/wp\/v2\/users\/1"}],"replies":[{"embeddable":true,"href":"https:\/\/lefougascon.com\/index.php?rest_route=%2Fwp%2Fv2%2Fcomments&post=2533"}],"version-history":[{"count":20,"href":"https:\/\/lefougascon.com\/index.php?rest_route=\/wp\/v2\/pages\/2533\/revisions"}],"predecessor-version":[{"id":3601,"href":"https:\/\/lefougascon.com\/index.php?rest_route=\/wp\/v2\/pages\/2533\/revisions\/3601"}],"wp:attachment":[{"href":"https:\/\/lefougascon.com\/index.php?rest_route=%2Fwp%2Fv2%2Fmedia&parent=2533"}],"curies":[{"name":"wp","href":"https:\/\/api.w.org\/{rel}","templated":true}]}}